{"id":131459,"date":"2024-04-30T15:15:37","date_gmt":"2024-04-30T15:15:37","guid":{"rendered":"https:\/\/avocats.cl\/?page_id=131459"},"modified":"2024-05-28T20:00:49","modified_gmt":"2024-05-28T20:00:49","slug":"nuestro-estudio","status":"publish","type":"page","link":"https:\/\/avocats.cl\/index.php\/nuestro-estudio\/","title":{"rendered":"Nuestro Estudio"},"content":{"rendered":"<section class=\"wpb-content-wrapper\"><p>[vc_row row_height_percent=\u00bb85&#8243; override_padding=\u00bbyes\u00bb h_padding=\u00bb2&#8243; top_padding=\u00bb3&#8243; bottom_padding=\u00bb3&#8243; back_color=\u00bbcolor-nhtu\u00bb back_image=\u00bb131456&#8243; back_position=\u00bbcenter bottom\u00bb parallax=\u00bbyes\u00bb overlay_color=\u00bbcolor-jevc\u00bb overlay_alpha=\u00bb25&#8243; gutter_size=\u00bb3&#8243; column_width_percent=\u00bb100&#8243; shift_y=\u00bb0&#8243; z_index=\u00bb0&#8243; enable_bottom_divider=\u00bbdefault\u00bb shape_bottom_invert=\u00bbyes\u00bb shape_bottom_h_use_pixel=\u00bb\u00bb shape_bottom_height=\u00bb120&#8243; shape_bottom_opacity=\u00bb100&#8243; shape_bottom_index=\u00bb0&#8243; front_end_with_slider=\u00bbtrue\u00bb uncode_shortcode_id=\u00bb628506&#8243; back_color_type=\u00bbuncode-palette\u00bb overlay_color_type=\u00bbuncode-palette\u00bb][vc_column column_width_percent=\u00bb100&#8243; gutter_size=\u00bb3&#8243; style=\u00bbdark\u00bb overlay_alpha=\u00bb50&#8243; shift_x=\u00bb0&#8243; shift_y=\u00bb0&#8243; medium_width=\u00bb0&#8243; zoom_width=\u00bb0&#8243; zoom_height=\u00bb0&#8243; width=\u00bb1\/1&#8243;][uncode_slider slider_interval=\u00bb3000&#8243; slider_navspeed=\u00bb400&#8243; slider_loop=\u00bbyes\u00bb slider_hide_arrows=\u00bbyes\u00bb][vc_row_inner row_inner_height_percent=\u00bb0&#8243; overlay_alpha=\u00bb0&#8243; gutter_size=\u00bb3&#8243; shift_y=\u00bb0&#8243; z_index=\u00bb0&#8243; limit_content=\u00bbyes\u00bb front_end_with_slider=\u00bbtrue\u00bb uncode_shortcode_id=\u00bb861780&#8243;][vc_column_inner column_width_percent=\u00bb100&#8243; position_vertical=\u00bbmiddle\u00bb align_horizontal=\u00bbalign_center\u00bb gutter_size=\u00bb3&#8243; style=\u00bbdark\u00bb overlay_alpha=\u00bb50&#8243; shift_x=\u00bb0&#8243; shift_y=\u00bb0&#8243; shift_y_down=\u00bb0&#8243; z_index=\u00bb0&#8243; medium_width=\u00bb0&#8243; mobile_width=\u00bb0&#8243; width=\u00bb1\/1&#8243; el_class=\u00bbadded-owl-item\u00bb uncode_shortcode_id=\u00bb205248&#8243;][vc_custom_heading heading_semantic=\u00bbh1&#8243; text_size=\u00bbfontsize-445851&#8243; uncode_shortcode_id=\u00bb167347&#8243;]FAMILIA[\/vc_custom_heading][vc_custom_heading heading_semantic=\u00bbh1&#8243; text_size=\u00bbh1&#8243; text_weight=\u00bb400&#8243; uncode_shortcode_id=\u00bb850074&#8243;]Divorcios &#8211; Alimentos &#8211; Nueva Ley de Pensiones[\/vc_custom_heading][vc_empty_space empty_h=\u00bb2&#8243;][vc_button size=\u00bbbtn-lg\u00bb shadow=\u00bbyes\u00bb border_width=\u00bb0&#8243; width=\u00bb200&#8243; link=\u00bburl:%23contacto\u00bb uncode_shortcode_id=\u00bb190744&#8243;]Cont\u00e1ctanos[\/vc_button][\/vc_column_inner][\/vc_row_inner][vc_row_inner row_inner_height_percent=\u00bb0&#8243; overlay_alpha=\u00bb0&#8243; gutter_size=\u00bb3&#8243; shift_y=\u00bb0&#8243; z_index=\u00bb0&#8243; limit_content=\u00bbyes\u00bb front_end_with_slider=\u00bbtrue\u00bb uncode_shortcode_id=\u00bb861780&#8243;][vc_column_inner column_width_percent=\u00bb100&#8243; position_vertical=\u00bbmiddle\u00bb align_horizontal=\u00bbalign_center\u00bb gutter_size=\u00bb3&#8243; style=\u00bbdark\u00bb overlay_alpha=\u00bb50&#8243; shift_x=\u00bb0&#8243; shift_y=\u00bb0&#8243; shift_y_down=\u00bb0&#8243; z_index=\u00bb0&#8243; medium_width=\u00bb0&#8243; mobile_width=\u00bb0&#8243; width=\u00bb1\/1&#8243; el_class=\u00bbadded-owl-item\u00bb uncode_shortcode_id=\u00bb205248&#8243;][vc_custom_heading heading_semantic=\u00bbh1&#8243; text_size=\u00bbfontsize-445851&#8243; uncode_shortcode_id=\u00bb139648&#8243;]CIVIL[\/vc_custom_heading][vc_custom_heading heading_semantic=\u00bbh1&#8243; text_size=\u00bbh1&#8243; text_weight=\u00bb400&#8243; uncode_shortcode_id=\u00bb155437&#8243;]Negligencias M\u00e9dicas &#8211; Indemnizatorias &#8211; Arbitramiento -Sucesi\u00f3n y Herencias[\/vc_custom_heading][vc_empty_space empty_h=\u00bb2&#8243;][vc_button size=\u00bbbtn-lg\u00bb shadow=\u00bbyes\u00bb border_width=\u00bb0&#8243; width=\u00bb200&#8243; link=\u00bburl:%23contacto\u00bb uncode_shortcode_id=\u00bb190744&#8243;]Cont\u00e1ctanos[\/vc_button][\/vc_column_inner][\/vc_row_inner][vc_row_inner row_inner_height_percent=\u00bb0&#8243; overlay_alpha=\u00bb0&#8243; gutter_size=\u00bb3&#8243; shift_y=\u00bb0&#8243; z_index=\u00bb0&#8243; limit_content=\u00bbyes\u00bb front_end_with_slider=\u00bbtrue\u00bb uncode_shortcode_id=\u00bb861780&#8243;][vc_column_inner column_width_percent=\u00bb100&#8243; position_vertical=\u00bbmiddle\u00bb align_horizontal=\u00bbalign_center\u00bb gutter_size=\u00bb3&#8243; style=\u00bbdark\u00bb overlay_alpha=\u00bb50&#8243; shift_x=\u00bb0&#8243; shift_y=\u00bb0&#8243; shift_y_down=\u00bb0&#8243; z_index=\u00bb0&#8243; medium_width=\u00bb0&#8243; mobile_width=\u00bb0&#8243; width=\u00bb1\/1&#8243; el_class=\u00bbadded-owl-item\u00bb uncode_shortcode_id=\u00bb205248&#8243;][vc_custom_heading heading_semantic=\u00bbh1&#8243; text_size=\u00bbfontsize-445851&#8243; uncode_shortcode_id=\u00bb203524&#8243;]ARBITRAJES[\/vc_custom_heading][vc_custom_heading heading_semantic=\u00bbh1&#8243; text_size=\u00bbh1&#8243; text_weight=\u00bb400&#8243; uncode_shortcode_id=\u00bb173922&#8243;]Liquidaci\u00f3n de Soc. &#8211; Partici\u00f3n Comunales &#8211; Particiones Hereditarias[\/vc_custom_heading][vc_empty_space empty_h=\u00bb2&#8243;][vc_button size=\u00bbbtn-lg\u00bb shadow=\u00bbyes\u00bb border_width=\u00bb0&#8243; width=\u00bb200&#8243; link=\u00bburl:%23contacto\u00bb uncode_shortcode_id=\u00bb190744&#8243;]Cont\u00e1ctanos[\/vc_button][\/vc_column_inner][\/vc_row_inner][vc_row_inner row_inner_height_percent=\u00bb0&#8243; overlay_alpha=\u00bb0&#8243; gutter_size=\u00bb3&#8243; shift_y=\u00bb0&#8243; z_index=\u00bb0&#8243; limit_content=\u00bbyes\u00bb front_end_with_slider=\u00bbtrue\u00bb uncode_shortcode_id=\u00bb861780&#8243;][vc_column_inner column_width_percent=\u00bb100&#8243; position_vertical=\u00bbmiddle\u00bb align_horizontal=\u00bbalign_center\u00bb gutter_size=\u00bb3&#8243; style=\u00bbdark\u00bb overlay_alpha=\u00bb50&#8243; shift_x=\u00bb0&#8243; shift_y=\u00bb0&#8243; shift_y_down=\u00bb0&#8243; z_index=\u00bb0&#8243; medium_width=\u00bb0&#8243; mobile_width=\u00bb0&#8243; width=\u00bb1\/1&#8243; el_class=\u00bbadded-owl-item\u00bb uncode_shortcode_id=\u00bb205248&#8243;][vc_custom_heading heading_semantic=\u00bbh1&#8243; text_size=\u00bbfontsize-445851&#8243; uncode_shortcode_id=\u00bb123888&#8243;]PENAL[\/vc_custom_heading][vc_custom_heading heading_semantic=\u00bbh1&#8243; text_size=\u00bbh1&#8243; text_weight=\u00bb400&#8243; uncode_shortcode_id=\u00bb800432&#8243;]Audiencia Central de Detenci\u00f3n &#8211; Audiencia de Formalizaci\u00f3n -Audiencia de Cautelares[\/vc_custom_heading][vc_empty_space empty_h=\u00bb2&#8243;][vc_button size=\u00bbbtn-lg\u00bb shadow=\u00bbyes\u00bb border_width=\u00bb0&#8243; width=\u00bb200&#8243; link=\u00bburl:%23contacto\u00bb uncode_shortcode_id=\u00bb190744&#8243;]Cont\u00e1ctanos[\/vc_button][\/vc_column_inner][\/vc_row_inner][vc_row_inner row_inner_height_percent=\u00bb0&#8243; overlay_alpha=\u00bb50&#8243; gutter_size=\u00bb3&#8243; shift_y=\u00bb0&#8243; z_index=\u00bb0&#8243; limit_content=\u00bbyes\u00bb front_end_with_slider=\u00bbtrue\u00bb uncode_shortcode_id=\u00bb861099&#8243;][vc_column_inner column_width_percent=\u00bb100&#8243; position_vertical=\u00bbmiddle\u00bb align_horizontal=\u00bbalign_center\u00bb gutter_size=\u00bb3&#8243; style=\u00bbdark\u00bb overlay_alpha=\u00bb50&#8243; shift_x=\u00bb0&#8243; shift_y=\u00bb0&#8243; shift_y_down=\u00bb0&#8243; z_index=\u00bb0&#8243; medium_width=\u00bb0&#8243; mobile_width=\u00bb0&#8243; width=\u00bb1\/1&#8243; el_class=\u00bbadded-owl-item\u00bb uncode_shortcode_id=\u00bb106834&#8243;][vc_custom_heading heading_semantic=\u00bbh1&#8243; text_size=\u00bbfontsize-445851&#8243; uncode_shortcode_id=\u00bb271966&#8243;]POLICIA LOCAL[\/vc_custom_heading][vc_custom_heading heading_semantic=\u00bbh1&#8243; text_size=\u00bbh1&#8243; text_weight=\u00bb400&#8243; uncode_shortcode_id=\u00bb773582&#8243;]Accidente de Transito &#8211; Ley del Consumidor &#8211; Ley de Fraude Bancario[\/vc_custom_heading][vc_empty_space empty_h=\u00bb2&#8243;][vc_button size=\u00bbbtn-lg\u00bb shadow=\u00bbyes\u00bb border_width=\u00bb0&#8243; width=\u00bb200&#8243; link=\u00bburl:%23contacto\u00bb uncode_shortcode_id=\u00bb190744&#8243;]Cont\u00e1ctanos[\/vc_button][\/vc_column_inner][\/vc_row_inner][vc_row_inner limit_content=\u00bbyes\u00bb front_end_with_slider=\u00bbtrue\u00bb][vc_column_inner column_width_percent=\u00bb100&#8243; position_vertical=\u00bbmiddle\u00bb align_horizontal=\u00bbalign_center\u00bb gutter_size=\u00bb3&#8243; style=\u00bbdark\u00bb overlay_alpha=\u00bb50&#8243; shift_x=\u00bb0&#8243; shift_y=\u00bb0&#8243; shift_y_down=\u00bb0&#8243; z_index=\u00bb0&#8243; medium_width=\u00bb0&#8243; mobile_width=\u00bb0&#8243; width=\u00bb1\/1&#8243; el_class=\u00bbadded-owl-item\u00bb uncode_shortcode_id=\u00bb142660&#8243;][vc_custom_heading heading_semantic=\u00bbh1&#8243; text_size=\u00bbfontsize-210105&#8243; uncode_shortcode_id=\u00bb136855&#8243;]URBANISMO Y CONSTRUCCI\u00d3N[\/vc_custom_heading][vc_custom_heading heading_semantic=\u00bbh1&#8243; text_size=\u00bbh1&#8243; text_weight=\u00bb400&#8243; uncode_shortcode_id=\u00bb157418&#8243;]Juicios Infracci\u00f3n de urbanismo y construcci\u00f3n[\/vc_custom_heading][vc_empty_space empty_h=\u00bb2&#8243;][vc_button size=\u00bbbtn-lg\u00bb shadow=\u00bbyes\u00bb border_width=\u00bb0&#8243; width=\u00bb200&#8243; link=\u00bburl:%23contacto\u00bb uncode_shortcode_id=\u00bb190744&#8243;]Cont\u00e1ctanos[\/vc_button][\/vc_column_inner][\/vc_row_inner][vc_row_inner limit_content=\u00bbyes\u00bb front_end_with_slider=\u00bbtrue\u00bb][vc_column_inner column_width_percent=\u00bb100&#8243; position_vertical=\u00bbmiddle\u00bb align_horizontal=\u00bbalign_center\u00bb gutter_size=\u00bb3&#8243; style=\u00bbdark\u00bb overlay_alpha=\u00bb50&#8243; shift_x=\u00bb0&#8243; shift_y=\u00bb0&#8243; shift_y_down=\u00bb0&#8243; z_index=\u00bb0&#8243; medium_width=\u00bb0&#8243; mobile_width=\u00bb0&#8243; width=\u00bb1\/1&#8243; el_class=\u00bbadded-owl-item\u00bb uncode_shortcode_id=\u00bb142660&#8243;][vc_custom_heading heading_semantic=\u00bbh1&#8243; text_size=\u00bbfontsize-338686&#8243; uncode_shortcode_id=\u00bb100173&#8243;]LEY 21.442 DE CONDOMINIOS[\/vc_custom_heading][vc_custom_heading heading_semantic=\u00bbh1&#8243; text_size=\u00bbh1&#8243; text_weight=\u00bb400&#8243; uncode_shortcode_id=\u00bb850074&#8243;]Divorcios &#8211; Alimentos &#8211; Nueva Ley de Pensiones[\/vc_custom_heading][vc_empty_space empty_h=\u00bb2&#8243;][vc_button size=\u00bbbtn-lg\u00bb shadow=\u00bbyes\u00bb border_width=\u00bb0&#8243; width=\u00bb200&#8243; link=\u00bburl:%23contacto\u00bb uncode_shortcode_id=\u00bb190744&#8243;]Cont\u00e1ctanos[\/vc_button][\/vc_column_inner][\/vc_row_inner][\/uncode_slider][\/vc_column][\/vc_row][vc_row row_height_percent=\u00bb0&#8243; override_padding=\u00bbyes\u00bb h_padding=\u00bb2&#8243; top_padding=\u00bb4&#8243; bottom_padding=\u00bb7&#8243; overlay_alpha=\u00bb50&#8243; gutter_size=\u00bb3&#8243; column_width_percent=\u00bb100&#8243; shift_y=\u00bb0&#8243; z_index=\u00bb0&#8243; row_name=\u00bbstart\u00bb][vc_column column_width_use_pixel=\u00bbyes\u00bb align_horizontal=\u00bbalign_center\u00bb gutter_size=\u00bb3&#8243; overlay_alpha=\u00bb50&#8243; shift_x=\u00bb0&#8243; shift_y=\u00bb0&#8243; shift_y_down=\u00bb0&#8243; z_index=\u00bb0&#8243; medium_width=\u00bb0&#8243; mobile_width=\u00bb0&#8243; width=\u00bb1\/1&#8243; column_width_pixel=\u00bb900&#8243;][vc_custom_heading text_size=\u00bbfontsize-155944&#8243; uncode_shortcode_id=\u00bb109673&#8243;]Nuestro Estudio[\/vc_custom_heading][vc_column_text uncode_shortcode_id=\u00bb130472&#8243;]<strong>AVOCATS PLAIDANST<\/strong> es un estudio jur\u00eddico conformado por abogados con vasta experiencia en la litigaci\u00f3n en diversas \u00e1reas del derecho, tales como: Civil, penal, familia, laboral, comercial, polic\u00eda local, litigios, arbitrajes, particiones, derecho inmobiliario, interdicciones, ley de urbanismo y construcci\u00f3n, ley de copropiedad, liquidaciones concursales, reorganizaciones, quiebras y reestructuraciones, constituci\u00f3n de sociedades, divorcios, pensiones de alimentos, derecho sucesorio, herencias, comunidades hereditarias, juicios indemnizatorios, incumplimientos contractuales, negligencias m\u00e9dicas, cambios de nombre, cobro de deudas, defensa de deudores, despidos injustificados, despido indirecto, tutela de derechos fundamentales, accidentes laborales, accidentes de tr\u00e1nsito, fraude bancario, audiencias de control de detenci\u00f3n, formalizaci\u00f3n, cautelares de garant\u00eda, \u00a0entre otras.-<\/p>\n<p><strong>AVOCATS PLAIDANST<\/strong> tiene como sello, la experiencia y confiabilidad, en el ejercicio de la profesi\u00f3n y defensa de derechos de nuestros representados, en un marco \u00e9tico y de responsabilidad, teniendo como objetivo la satisfacci\u00f3n y fidelizaci\u00f3n de nuestros clientes.-[\/vc_column_text][\/vc_column][\/vc_row][vc_row row_height_percent=\u00bb0&#8243; override_padding=\u00bbyes\u00bb h_padding=\u00bb2&#8243; top_padding=\u00bb5&#8243; bottom_padding=\u00bb5&#8243; overlay_alpha=\u00bb50&#8243; gutter_size=\u00bb100&#8243; column_width_percent=\u00bb100&#8243; shift_y=\u00bb0&#8243; z_index=\u00bb0&#8243; bottom_divider=\u00bbhills\u00bb style=\u00bbinherited\u00bb uncode_shortcode_id=\u00bb193437&#8243; back_color_type=\u00bbuncode-solid\u00bb back_color_solid=\u00bb#f15b29&#8243; row_name=\u00bb#contacto\u00bb][vc_column column_width_use_pixel=\u00bbyes\u00bb position_vertical=\u00bbmiddle\u00bb align_horizontal=\u00bbalign_center\u00bb gutter_size=\u00bb2&#8243; style=\u00bbdark\u00bb overlay_alpha=\u00bb100&#8243; shift_x=\u00bb0&#8243; shift_y=\u00bb0&#8243; shift_y_down=\u00bb0&#8243; z_index=\u00bb0&#8243; medium_width=\u00bb0&#8243; mobile_width=\u00bb0&#8243; zoom_width=\u00bb0&#8243; zoom_height=\u00bb0&#8243; width=\u00bb1\/1&#8243; column_width_pixel=\u00bb900&#8243;][vc_custom_heading text_size=\u00bbfontsize-160000&#8243; text_transform=\u00bbuppercase\u00bb text_space=\u00bbfontspace-210350&#8243; uncode_shortcode_id=\u00bb118625&#8243;]<\/p>\n<h4 class=\"c-gzGCTH c-gzGCTH-iiNbsGb-css\" data-v-2dd3ff56=\"\">Servicios legales a tu alcance<\/h4>\n<p>[\/vc_custom_heading][vc_custom_heading heading_semantic=\u00bbh1&#8243; text_size=\u00bbfontsize-155944&#8243; text_weight=\u00bb100&#8243; text_space=\u00bbfontspace-781688&#8243; sub_lead=\u00bbyes\u00bb uncode_shortcode_id=\u00bb870016&#8243;]\u00bf<a href=\"#contactanos\">Necesitas asesor\u00eda legal cont\u00e1ctanos<\/a> ?[\/vc_custom_heading][vc_empty_space empty_h=\u00bb2&#8243;][vc_row_inner limit_content=\u00bb\u00bb][vc_column_inner column_width_use_pixel=\u00bbyes\u00bb align_horizontal=\u00bbalign_center\u00bb gutter_size=\u00bb3&#8243; overlay_alpha=\u00bb50&#8243; shift_x=\u00bb0&#8243; shift_y=\u00bb0&#8243; shift_y_down=\u00bb0&#8243; z_index=\u00bb0&#8243; medium_width=\u00bb0&#8243; mobile_width=\u00bb0&#8243; width=\u00bb1\/1&#8243; column_width_pixel=\u00bb500&#8243; uncode_shortcode_id=\u00bb506190&#8243;][vc_column_text uncode_shortcode_id=\u00bb166315&#8243;]\n<div class=\"wpcf7 no-js\" id=\"wpcf7-f130681-o1\" lang=\"es-ES\" dir=\"ltr\">\n<div class=\"screen-reader-response\"><p role=\"status\" aria-live=\"polite\" aria-atomic=\"true\"><\/p> <ul><\/ul><\/div>\n<form action=\"\/index.php\/wp-json\/wp\/v2\/pages\/131459#wpcf7-f130681-o1\" method=\"post\" class=\"wpcf7-form init\" aria-label=\"Formulario de contacto\" novalidate=\"novalidate\" data-status=\"init\">\n<div style=\"display: none;\">\n<input type=\"hidden\" name=\"_wpcf7\" value=\"130681\" \/>\n<input type=\"hidden\" name=\"_wpcf7_version\" value=\"5.8.7\" \/>\n<input type=\"hidden\" name=\"_wpcf7_locale\" value=\"es_ES\" \/>\n<input type=\"hidden\" name=\"_wpcf7_unit_tag\" value=\"wpcf7-f130681-o1\" \/>\n<input type=\"hidden\" name=\"_wpcf7_container_post\" value=\"0\" \/>\n<input type=\"hidden\" name=\"_wpcf7_posted_data_hash\" value=\"\" \/>\n<\/div>\n<p><label> Tu nombre<br \/>\n<span class=\"wpcf7-form-control-wrap\" data-name=\"your-name\"><input size=\"40\" class=\"wpcf7-form-control wpcf7-text wpcf7-validates-as-required\" autocomplete=\"name\" aria-required=\"true\" aria-invalid=\"false\" value=\"\" type=\"text\" name=\"your-name\" \/><\/span> <\/label>\n<\/p>\n<p><label> Tu correo electr\u00f3nico<br \/>\n<span class=\"wpcf7-form-control-wrap\" data-name=\"your-email\"><input size=\"40\" class=\"wpcf7-form-control wpcf7-email wpcf7-validates-as-required wpcf7-text wpcf7-validates-as-email\" autocomplete=\"email\" aria-required=\"true\" aria-invalid=\"false\" value=\"\" type=\"email\" name=\"your-email\" \/><\/span> <\/label>\n<\/p>\n<p><label> Asunto<br \/>\n<span class=\"wpcf7-form-control-wrap\" data-name=\"your-subject\"><input size=\"40\" class=\"wpcf7-form-control wpcf7-text wpcf7-validates-as-required\" aria-required=\"true\" aria-invalid=\"false\" value=\"\" type=\"text\" name=\"your-subject\" \/><\/span> <\/label>\n<\/p>\n<p><label> Tu mensaje (opcional)<br \/>\n<span class=\"wpcf7-form-control-wrap\" data-name=\"your-message\"><textarea cols=\"40\" rows=\"10\" class=\"wpcf7-form-control wpcf7-textarea\" aria-invalid=\"false\" name=\"your-message\"><\/textarea><\/span> <\/label>\n<\/p>\n<p><input class=\"wpcf7-form-control wpcf7-submit has-spinner\" type=\"submit\" value=\"Enviar\" \/>\n<\/p><div class=\"wpcf7-response-output\" aria-hidden=\"true\"><\/div>\n<\/form>\n<\/div>\n[\/vc_column_text][\/vc_column_inner][\/vc_row_inner][\/vc_column][\/vc_row][vc_row unlock_row_content=\u00bbyes\u00bb row_height_percent=\u00bb100&#8243; overlay_alpha=\u00bb50&#8243; gutter_size=\u00bb3&#8243; column_width_percent=\u00bb100&#8243; shift_y=\u00bb0&#8243; z_index=\u00bb0&#8243; uncode_shortcode_id=\u00bb199528&#8243;][vc_column width=\u00bb1\/1&#8243;][vc_raw_html]JTNDaWZyYW1lJTIwc3JjJTNEJTIyaHR0cHMlM0ElMkYlMkZ3d3cuZ29vZ2xlLmNvbSUyRm1hcHMlMkZlbWJlZCUzRnBiJTNEJTIxMW0xOCUyMTFtMTIlMjExbTMlMjExZDE4ODMyLjU1MDg4MjIzMDExJTIxMmQtNzAuNjcyNzYxNjI1NjYyMTUlMjEzZC0zMy40NDUyMzkxNzM4MzY1NiUyMTJtMyUyMTFmMCUyMTJmMCUyMTNmMCUyMTNtMiUyMTFpMTAyNCUyMTJpNzY4JTIxNGYxMy4xJTIxM20zJTIxMW0yJTIxMXMweDk2NjJjNTAwNjY3MTFjNmQlMjUzQTB4NzExNzc4OTUxZDY0N2MwNyUyMTJzQXZvY2F0cyUyMTVlMCUyMTNtMiUyMTFzZXMlMjEyc2NsJTIxNHYxNzA4NjU5MDE2OTk0JTIxNW0yJTIxMXNlcyUyMTJzY2wlMjIlMjB3aWR0aCUzRCUyMjYwMCUyMiUyMGhlaWdodCUzRCUyMjQ1MCUyMiUyMHN0eWxlJTNEJTIyYm9yZGVyJTNBMCUzQiUyMiUyMGFsbG93ZnVsbHNjcmVlbiUzRCUyMiUyMiUyMGxvYWRpbmclM0QlMjJsYXp5JTIyJTIwcmVmZXJyZXJwb2xpY3klM0QlMjJuby1yZWZlcnJlci13aGVuLWRvd25ncmFkZSUyMiUzRSUzQyUyRmlmcmFtZSUzRQ==[\/vc_raw_html][\/vc_column][\/vc_row]<\/p>\n<\/section>","protected":false},"excerpt":{"rendered":"<p>[vc_row row_height_percent=\u00bb85&#8243; override_padding=\u00bbyes\u00bb h_padding=\u00bb2&#8243; top_padding=\u00bb3&#8243; bottom_padding=\u00bb3&#8243; back_color=\u00bbcolor-nhtu\u00bb back_image=\u00bb131456&#8243; back_position=\u00bbcenter bottom\u00bb parallax=\u00bbyes\u00bb overlay_color=\u00bbcolor-jevc\u00bb overlay_alpha=\u00bb25&#8243; gutter_size=\u00bb3&#8243; column_width_percent=\u00bb100&#8243; shift_y=\u00bb0&#8243; z_index=\u00bb0&#8243; enable_bottom_divider=\u00bbdefault\u00bb shape_bottom_invert=\u00bbyes\u00bb shape_bottom_h_use_pixel=\u00bb\u00bb [&hellip;]<\/p>\n","protected":false},"author":1,"featured_media":0,"parent":0,"menu_order":0,"comment_status":"closed","ping_status":"closed","template":"","meta":{"footnotes":""},"class_list":["post-131459","page","type-page","status-publish","hentry"],"_links":{"self":[{"href":"https:\/\/avocats.cl\/index.php\/wp-json\/wp\/v2\/pages\/131459","targetHints":{"allow":["GET"]}}],"collection":[{"href":"https:\/\/avocats.cl\/index.php\/wp-json\/wp\/v2\/pages"}],"about":[{"href":"https:\/\/avocats.cl\/index.php\/wp-json\/wp\/v2\/types\/page"}],"author":[{"embeddable":true,"href":"https:\/\/avocats.cl\/index.php\/wp-json\/wp\/v2\/users\/1"}],"replies":[{"embeddable":true,"href":"https:\/\/avocats.cl\/index.php\/wp-json\/wp\/v2\/comments?post=131459"}],"version-history":[{"count":5,"href":"https:\/\/avocats.cl\/index.php\/wp-json\/wp\/v2\/pages\/131459\/revisions"}],"predecessor-version":[{"id":131548,"href":"https:\/\/avocats.cl\/index.php\/wp-json\/wp\/v2\/pages\/131459\/revisions\/131548"}],"wp:attachment":[{"href":"https:\/\/avocats.cl\/index.php\/wp-json\/wp\/v2\/media?parent=131459"}],"curies":[{"name":"wp","href":"https:\/\/api.w.org\/{rel}","templated":true}]}}