{"id":131343,"date":"2024-03-19T20:32:51","date_gmt":"2024-03-19T20:32:51","guid":{"rendered":"https:\/\/avocats.cl\/?page_id=131343"},"modified":"2024-07-18T20:52:29","modified_gmt":"2024-07-18T20:52:29","slug":"negligencias-medicas","status":"publish","type":"page","link":"https:\/\/avocats.cl\/index.php\/negligencias-medicas\/","title":{"rendered":"Negligencias M\u00e9dicas"},"content":{"rendered":"<section class=\"wpb-content-wrapper\"><p>[vc_row row_height_percent=\u00bb85&#8243; override_padding=\u00bbyes\u00bb h_padding=\u00bb2&#8243; top_padding=\u00bb3&#8243; bottom_padding=\u00bb3&#8243; back_color=\u00bbcolor-nhtu\u00bb back_image=\u00bb130679&#8243; back_position=\u00bbcenter bottom\u00bb parallax=\u00bbyes\u00bb overlay_color=\u00bbcolor-jevc\u00bb overlay_alpha=\u00bb25&#8243; gutter_size=\u00bb3&#8243; column_width_percent=\u00bb100&#8243; shift_y=\u00bb0&#8243; z_index=\u00bb0&#8243; enable_bottom_divider=\u00bbdefault\u00bb shape_bottom_invert=\u00bbyes\u00bb shape_bottom_h_use_pixel=\u00bb\u00bb shape_bottom_height=\u00bb120&#8243; shape_bottom_opacity=\u00bb100&#8243; shape_bottom_index=\u00bb0&#8243; front_end_with_slider=\u00bbtrue\u00bb uncode_shortcode_id=\u00bb617813&#8243; back_color_type=\u00bbuncode-palette\u00bb overlay_color_type=\u00bbuncode-palette\u00bb][vc_column column_width_percent=\u00bb100&#8243; gutter_size=\u00bb3&#8243; style=\u00bbdark\u00bb overlay_alpha=\u00bb50&#8243; shift_x=\u00bb0&#8243; shift_y=\u00bb0&#8243; medium_width=\u00bb0&#8243; zoom_width=\u00bb0&#8243; zoom_height=\u00bb0&#8243; width=\u00bb1\/1&#8243;][uncode_slider slider_interval=\u00bb3000&#8243; slider_navspeed=\u00bb400&#8243; slider_loop=\u00bbyes\u00bb slider_hide_arrows=\u00bbyes\u00bb][vc_row_inner row_inner_height_percent=\u00bb0&#8243; overlay_alpha=\u00bb0&#8243; gutter_size=\u00bb3&#8243; shift_y=\u00bb0&#8243; limit_content=\u00bbyes\u00bb front_end_with_slider=\u00bbtrue\u00bb][vc_column_inner column_width_percent=\u00bb100&#8243; position_vertical=\u00bbmiddle\u00bb align_horizontal=\u00bbalign_center\u00bb gutter_size=\u00bb2&#8243; style=\u00bbdark\u00bb overlay_alpha=\u00bb50&#8243; shift_x=\u00bb0&#8243; shift_y=\u00bb0&#8243; shift_y_down=\u00bb0&#8243; z_index=\u00bb0&#8243; medium_width=\u00bb0&#8243; mobile_width=\u00bb0&#8243; css_animation=\u00bbbottom-t-top\u00bb animation_delay=\u00bb200&#8243; zoom_width=\u00bb0&#8243; zoom_height=\u00bb0&#8243; width=\u00bb1\/1&#8243;][vc_custom_heading heading_semantic=\u00bbh1&#8243; text_size=\u00bbfontsize-445851&#8243; uncode_shortcode_id=\u00bb125550&#8243;]CIVIL[\/vc_custom_heading][vc_custom_heading heading_semantic=\u00bbh1&#8243; text_size=\u00bbh1&#8243; text_weight=\u00bb400&#8243; uncode_shortcode_id=\u00bb195408&#8243;]Negligencias M\u00e9dicas &#8211; Indemnizaci\u00f3n de Perjuicios &#8211; Arbitrajes &#8211;\u00a0 Particiones y Herencias[\/vc_custom_heading][vc_empty_space empty_h=\u00bb2&#8243;][vc_button size=\u00bbbtn-lg\u00bb shadow=\u00bbyes\u00bb border_width=\u00bb0&#8243; width=\u00bb200&#8243; link=\u00bburl:%23contacto\u00bb uncode_shortcode_id=\u00bb190744&#8243;]Cont\u00e1ctanos[\/vc_button][\/vc_column_inner][\/vc_row_inner][\/uncode_slider][\/vc_column][\/vc_row][vc_row row_height_percent=\u00bb0&#8243; override_padding=\u00bbyes\u00bb h_padding=\u00bb2&#8243; top_padding=\u00bb4&#8243; bottom_padding=\u00bb7&#8243; overlay_alpha=\u00bb50&#8243; gutter_size=\u00bb3&#8243; column_width_percent=\u00bb100&#8243; shift_y=\u00bb0&#8243; z_index=\u00bb0&#8243; row_name=\u00bbstart\u00bb][vc_column column_width_use_pixel=\u00bbyes\u00bb align_horizontal=\u00bbalign_center\u00bb gutter_size=\u00bb3&#8243; overlay_alpha=\u00bb50&#8243; shift_x=\u00bb0&#8243; shift_y=\u00bb0&#8243; shift_y_down=\u00bb0&#8243; z_index=\u00bb0&#8243; medium_width=\u00bb0&#8243; mobile_width=\u00bb0&#8243; width=\u00bb1\/1&#8243; column_width_pixel=\u00bb900&#8243;][vc_custom_heading text_size=\u00bbfontsize-155944&#8243; uncode_shortcode_id=\u00bb120721&#8243;]<\/p>\n<h5 class=\"font_5 wixui-rich-text__text\"><span class=\"wixui-rich-text__text\">MEDIACI\u00d3N Y DEMANDA POR NEGLIGENCIA M\u00c9DICA<\/span><\/h5>\n<p>[\/vc_custom_heading][vc_row_inner limit_content=\u00bb\u00bb][vc_column_inner width=\u00bb1\/1&#8243;][vc_column_text uncode_shortcode_id=\u00bb467053&#8243;]<\/p>\n<p class=\"font_6 wixui-rich-text__text\"><span class=\"wixui-rich-text__text\">Avocats<\/span>, representamos a nuestros clientes en casos de mediaci\u00f3n por negligencia m\u00e9dica ante el Consejo de Defensa del Estado, o la Superintendencia de Salud.\u00a0 Y patrocinamos causas civiles de indemnizaci\u00f3n de perjuicios por negligencias m\u00e9dicas.<\/p>\n<p class=\"font_8 wixui-rich-text__text\"><span class=\"wixGuard wixui-rich-text__text\">\u200b<\/span><\/p>\n<p class=\"font_8 wixui-rich-text__text\">Si usted o alg\u00fan familiar esta frente a un eventual caso de\u00a0<span class=\"wixui-rich-text__text\">negligencia m\u00e9dica<\/span>, le ofrecemos asesoramiento legal por especialistas, para ello debe reunir todos los antecedentes necesarios, con la finalidad de realizar un estudio de viabilidad legal y jur\u00eddica del caso, que permita realizar una demanda por negligencia m\u00e9dica con indemnizaci\u00f3n de perjuicios.<\/p>\n<p class=\"font_8 wixui-rich-text__text\"><span class=\"wixGuard wixui-rich-text__text\">\u200b<\/span><\/p>\n<p class=\"font_8 wixui-rich-text__text\">Debe tener presente que cualquier documentaci\u00f3n m\u00e9dica es de suma importancia para el estudio y la acreditaci\u00f3n de una reclamaci\u00f3n posterior, por esta raz\u00f3n usted debe solicitar copia de todo documento m\u00e9dico que le puedan entregar en el Lugar donde fue atendido usted o su familiar, aunque a su entender sea un documento sin importancia.<\/p>\n<p class=\"font_8 wixui-rich-text__text\"><span class=\"wixGuard wixui-rich-text__text\">\u200b<\/span><\/p>\n<p class=\"font_8 wixui-rich-text__text\">Igualmente es recomendable sacar fotos de la evoluci\u00f3n cl\u00ednica del paciente, y guardarlas en orden cronol\u00f3gico, este material ser\u00e1\u00a0parte de su prueba en la demanda por negligencia m\u00e9dica.<\/p>\n<p class=\"font_8 wixui-rich-text__text\"><span class=\"wixGuard wixui-rich-text__text\">\u200b<\/span><\/p>\n<p class=\"font_8 wixui-rich-text__text\">Si se trata de un\u00a0<span class=\"wixui-rich-text__text\">hospital o establecimiento de salud\u00a0p\u00fablico<\/span>, se debe interponer un\u00a0<span class=\"wixui-rich-text__text\">reclamo ante el Consejo de Defensa del Estado<\/span>, y\u00a0si se trata de una\u00a0<span class=\"wixui-rich-text__text\">cl\u00ednica u hospital privado<\/span>, se debe recurrir a la\u00a0<span class=\"wixui-rich-text__text\">Superintendencia de Salud<\/span>\u00a0para comenzar el proceso de mediaci\u00f3n previa y obligatoria.<\/p>\n<p class=\"font_8 wixui-rich-text__text\"><span class=\"wixGuard wixui-rich-text__text\">\u200b<\/span><\/p>\n<p class=\"font_8 wixui-rich-text__text\">El proceso de mediaci\u00f3n dura 60 d\u00edas corridos, contados a partir del tercer d\u00eda de la primera citaci\u00f3n al reclamado; prorrogable por otros 60 d\u00edas previo acuerdo de las partes. Es un proceso sin forma de juicio donde el mediador eval\u00faa\u00a0los antecedentes de la denuncia,\u00a0 y busca lograr un acuerdo indemnizatorio.<\/p>\n<p class=\"font_8 wixui-rich-text__text\"><span class=\"wixGuard wixui-rich-text__text\">\u200b<\/span><\/p>\n<p class=\"font_8 wixui-rich-text__text\">Si fracasa la\u00a0mediaci\u00f3n, comienzan las gestiones destinadas a interponer la demanda civil, puesto que, la ley exige que para poder interponer una demanda por negligencia m\u00e9dica se lleve a efecto previamente una mediaci\u00f3n. Si no se acompa\u00f1a a la demanda el acta de fracaso de mediaci\u00f3n, el juez civil no admitir\u00e1 a tramitaci\u00f3n su demanda.<\/p>\n<p class=\"font_8 wixui-rich-text__text\"><span class=\"wixGuard wixui-rich-text__text\">\u200b<\/span><\/p>\n<p class=\"font_8 wixui-rich-text__text\">En el \u00e1mbito penal, las querellas se interponen en los Juzgados de Garant\u00eda, sin necesidad de haber participado previamente de la mediaci\u00f3n.<\/p>\n<p class=\"font_8 wixui-rich-text__text\"><span class=\"wixGuard wixui-rich-text__text\">\u200b<\/span><\/p>\n<p class=\"font_8 wixui-rich-text__text\"><span class=\"wixui-rich-text__text\">\u00bfCu\u00e1les son las negligencias m\u00e9dicas m\u00e1s comunes?<\/span><\/p>\n<ul class=\"font_8 wixui-rich-text__text\">\n<li class=\"wixui-rich-text__text\">\n<p class=\"font_8 wixui-rich-text__text\">\u200bRetraso en el diagn\u00f3stico correcto de una patolog\u00eda o lesi\u00f3n.<\/p>\n<\/li>\n<li class=\"wixui-rich-text__text\">\n<p class=\"font_8 wixui-rich-text__text\">Error en el diagn\u00f3stico o en su interpretaci\u00f3n.<\/p>\n<\/li>\n<li class=\"wixui-rich-text__text\">\n<p class=\"font_8 wixui-rich-text__text\">Intervenciones quir\u00fargicas con resultado lesivo para el paciente y que el mismo no deb\u00eda soportar.<\/p>\n<\/li>\n<li class=\"wixui-rich-text__text\">\n<p class=\"font_8 wixui-rich-text__text\">Prescripci\u00f3n inadecuada de medicamentos o tratamientos.<\/p>\n<\/li>\n<li class=\"wixui-rich-text__text\">\n<p class=\"font_8 wixui-rich-text__text\">No seguimiento de los protocolos establecidos.<\/p>\n<\/li>\n<li class=\"wixui-rich-text__text\">\n<p class=\"font_8 wixui-rich-text__text\">Transmisi\u00f3n por transfusi\u00f3n sangu\u00ednea de enfermedades como la Hepatitis o el SIDA.<\/p>\n<\/li>\n<li class=\"wixui-rich-text__text\">\n<p class=\"font_8 wixui-rich-text__text\">No obtenci\u00f3n del resultado prometido en cirug\u00eda est\u00e9tica voluntaria, en liposucciones, procesos de adelgazamiento, colocaci\u00f3n de pr\u00f3tesis, etc\u2026.<\/p>\n<\/li>\n<li class=\"wixui-rich-text__text\">\n<p class=\"font_8 wixui-rich-text__text\">Intervenciones quir\u00fargicas mal realizadas.<\/p>\n<\/li>\n<li class=\"wixui-rich-text__text\">\n<p class=\"font_8 wixui-rich-text__text\">Infecciones intrahospitalarias.<\/p>\n<\/li>\n<li class=\"wixui-rich-text__text\">\n<p class=\"font_8 wixui-rich-text__text\">Da\u00f1os producidos por el propio material quir\u00fargico durante la intervenci\u00f3n o maniobra m\u00e9dica.<\/p>\n<\/li>\n<li class=\"wixui-rich-text__text\">\n<p class=\"font_8 wixui-rich-text__text\">Da\u00f1os producidos por olvido de material quir\u00fargico en el interior del paciente.<\/p>\n<\/li>\n<li class=\"wixui-rich-text__text\">\n<p class=\"font_8 wixui-rich-text__text\">Fallecimiento del paciente, por no prestarse la asistencia m\u00e9dica de urgencia debida.<\/p>\n<\/li>\n<li class=\"wixui-rich-text__text\">\n<p class=\"font_8 wixui-rich-text__text\">Falta de consentimiento informado, y por consiguiente de la informaci\u00f3n previa del acto a realizar con sus posibles alternativas y consecuencias, no asumiendo los riesgos t\u00edpicos del mismo por el paciente.<\/p>\n<\/li>\n<li class=\"wixui-rich-text__text\">\n<p class=\"font_8 wixui-rich-text__text\">No supervisar debidamente al paciente en el post-operatorio, originando complicaciones en el proceso evolutivo del paciente.<\/p>\n<\/li>\n<li class=\"wixui-rich-text__text\">\n<p class=\"font_8 wixui-rich-text__text\">Recetar un medicamento equivocado.<\/p>\n<\/li>\n<li class=\"wixui-rich-text__text\">\n<p class=\"font_8 wixui-rich-text__text\">Aplicar una inyecci\u00f3n en un lugar equivocado, con consecuencia da\u00f1osa.<\/p>\n<\/li>\n<li class=\"wixui-rich-text__text\">\n<p class=\"font_8 wixui-rich-text__text\">Notificaci\u00f3n tard\u00eda o err\u00f3nea de ser portador de VIH.<\/p>\n<\/li>\n<li class=\"wixui-rich-text__text\">\n<p class=\"font_8 wixui-rich-text__text\">No realizar ces\u00e1rea a tiempo.<\/p>\n<\/li>\n<li class=\"wixui-rich-text__text\">\n<p class=\"font_8 wixui-rich-text__text\">Muerte de reci\u00e9n nacido por aspiraci\u00f3n neonatal de meconio (S\u00edndrome de Aspiraci\u00f3n de Meconio &#8211; SAM)<\/p>\n<\/li>\n<\/ul>\n<p class=\"font_8 wixui-rich-text__text\"><span class=\"wixui-rich-text__text\">NOTA:\u00a0\u00a0<\/span>La informaci\u00f3n aqu\u00ed contenida no constituye asesor\u00eda legal, y el usuario no debe actuar sobre dicha informaci\u00f3n o considerar la misma como sustitutivos de asesor\u00eda legal para casos concretos.<\/p>\n<p>[\/vc_column_text][\/vc_column_inner][\/vc_row_inner][vc_custom_heading text_size=\u00bbfontsize-155944&#8243; uncode_shortcode_id=\u00bb128340&#8243;]Otras \u00e1reas de Derecho Civil[\/vc_custom_heading][vc_custom_heading text_color=\u00bbcolor-wvjs\u00bb heading_semantic=\u00bbh3&#8243; text_size=\u00bbh3&#8243; text_weight=\u00bb400&#8243; uncode_shortcode_id=\u00bb251220&#8243; text_color_type=\u00bbuncode-palette\u00bb]Obt\u00e9n asesor\u00eda con abogados expertos en las diferentes \u00e1reas[\/vc_custom_heading][uncode_index el_id=\u00bbindex-116548&#8243; index_type=\u00bbcarousel\u00bb loop=\u00bbsize:10|order_by:date|post_type:page|by_id:131351,131348,131346|taxonomy_count:10&#8243; carousel_lg=\u00bb3&#8243; carousel_md=\u00bb3&#8243; carousel_sm=\u00bb1&#8243; thumb_size=\u00bbthree-two\u00bb gutter_size=\u00bb3&#8243; page_items=\u00bbmedia|featured|onpost|original,title,text|excerpt\u00bb carousel_interval=\u00bb3000&#8243; carousel_navspeed=\u00bb400&#8243; stage_padding=\u00bb0&#8243; single_overlay_opacity=\u00bb50&#8243; single_overlay_visible=\u00bbyes\u00bb single_text_visible=\u00bbyes\u00bb single_text_anim=\u00bbno\u00bb single_image_anim=\u00bbno\u00bb single_h_align=\u00bbcenter\u00bb single_h_align_mobile=\u00bbcenter\u00bb single_padding=\u00bb2&#8243; single_text_reduced=\u00bbyes\u00bb single_thumb_hover=\u00bbyes\u00bb uncode_shortcode_id=\u00bb499545&#8243;][\/vc_column][\/vc_row][vc_row row_height_percent=\u00bb0&#8243; override_padding=\u00bbyes\u00bb h_padding=\u00bb2&#8243; top_padding=\u00bb5&#8243; bottom_padding=\u00bb5&#8243; overlay_alpha=\u00bb50&#8243; gutter_size=\u00bb100&#8243; column_width_percent=\u00bb100&#8243; shift_y=\u00bb0&#8243; z_index=\u00bb0&#8243; bottom_divider=\u00bbhills\u00bb style=\u00bbinherited\u00bb uncode_shortcode_id=\u00bb193437&#8243; back_color_type=\u00bbuncode-solid\u00bb back_color_solid=\u00bb#f15b29&#8243; row_name=\u00bb#contacto\u00bb][vc_column column_width_use_pixel=\u00bbyes\u00bb position_vertical=\u00bbmiddle\u00bb align_horizontal=\u00bbalign_center\u00bb gutter_size=\u00bb2&#8243; style=\u00bbdark\u00bb overlay_alpha=\u00bb100&#8243; shift_x=\u00bb0&#8243; shift_y=\u00bb0&#8243; shift_y_down=\u00bb0&#8243; z_index=\u00bb0&#8243; medium_width=\u00bb0&#8243; mobile_width=\u00bb0&#8243; zoom_width=\u00bb0&#8243; zoom_height=\u00bb0&#8243; width=\u00bb1\/1&#8243; column_width_pixel=\u00bb900&#8243;][vc_custom_heading text_size=\u00bbfontsize-160000&#8243; text_transform=\u00bbuppercase\u00bb text_space=\u00bbfontspace-210350&#8243; uncode_shortcode_id=\u00bb118625&#8243;]Servicios legales a tu alcance[\/vc_custom_heading][vc_custom_heading heading_semantic=\u00bbh1&#8243; text_size=\u00bbfontsize-155944&#8243; text_weight=\u00bb100&#8243; text_space=\u00bbfontspace-781688&#8243; sub_lead=\u00bbyes\u00bb uncode_shortcode_id=\u00bb870016&#8243;]\u00bfNecesitas asesor\u00eda legal cont\u00e1ctanos ?[\/vc_custom_heading][vc_empty_space empty_h=\u00bb2&#8243;][vc_row_inner limit_content=\u00bb\u00bb][vc_column_inner column_width_use_pixel=\u00bbyes\u00bb align_horizontal=\u00bbalign_center\u00bb gutter_size=\u00bb3&#8243; overlay_alpha=\u00bb50&#8243; shift_x=\u00bb0&#8243; shift_y=\u00bb0&#8243; shift_y_down=\u00bb0&#8243; z_index=\u00bb0&#8243; medium_width=\u00bb0&#8243; mobile_width=\u00bb0&#8243; width=\u00bb1\/1&#8243; column_width_pixel=\u00bb500&#8243; uncode_shortcode_id=\u00bb506190&#8243;][vc_column_text uncode_shortcode_id=\u00bb166315&#8243;]\n<div class=\"wpcf7 no-js\" id=\"wpcf7-f130681-o1\" lang=\"es-ES\" dir=\"ltr\">\n<div class=\"screen-reader-response\"><p role=\"status\" aria-live=\"polite\" aria-atomic=\"true\"><\/p> <ul><\/ul><\/div>\n<form action=\"\/index.php\/wp-json\/wp\/v2\/pages\/131343#wpcf7-f130681-o1\" method=\"post\" class=\"wpcf7-form init\" aria-label=\"Formulario de contacto\" novalidate=\"novalidate\" data-status=\"init\">\n<div style=\"display: none;\">\n<input type=\"hidden\" name=\"_wpcf7\" value=\"130681\" \/>\n<input type=\"hidden\" name=\"_wpcf7_version\" value=\"5.8.7\" \/>\n<input type=\"hidden\" name=\"_wpcf7_locale\" value=\"es_ES\" \/>\n<input type=\"hidden\" name=\"_wpcf7_unit_tag\" value=\"wpcf7-f130681-o1\" \/>\n<input type=\"hidden\" name=\"_wpcf7_container_post\" value=\"0\" \/>\n<input type=\"hidden\" name=\"_wpcf7_posted_data_hash\" value=\"\" \/>\n<\/div>\n<p><label> Tu nombre<br \/>\n<span class=\"wpcf7-form-control-wrap\" data-name=\"your-name\"><input size=\"40\" class=\"wpcf7-form-control wpcf7-text wpcf7-validates-as-required\" autocomplete=\"name\" aria-required=\"true\" aria-invalid=\"false\" value=\"\" type=\"text\" name=\"your-name\" \/><\/span> <\/label>\n<\/p>\n<p><label> Tu correo electr\u00f3nico<br \/>\n<span class=\"wpcf7-form-control-wrap\" data-name=\"your-email\"><input size=\"40\" class=\"wpcf7-form-control wpcf7-email wpcf7-validates-as-required wpcf7-text wpcf7-validates-as-email\" autocomplete=\"email\" aria-required=\"true\" aria-invalid=\"false\" value=\"\" type=\"email\" name=\"your-email\" \/><\/span> <\/label>\n<\/p>\n<p><label> Asunto<br \/>\n<span class=\"wpcf7-form-control-wrap\" data-name=\"your-subject\"><input size=\"40\" class=\"wpcf7-form-control wpcf7-text wpcf7-validates-as-required\" aria-required=\"true\" aria-invalid=\"false\" value=\"\" type=\"text\" name=\"your-subject\" \/><\/span> <\/label>\n<\/p>\n<p><label> Tu mensaje (opcional)<br \/>\n<span class=\"wpcf7-form-control-wrap\" data-name=\"your-message\"><textarea cols=\"40\" rows=\"10\" class=\"wpcf7-form-control wpcf7-textarea\" aria-invalid=\"false\" name=\"your-message\"><\/textarea><\/span> <\/label>\n<\/p>\n<p><input class=\"wpcf7-form-control wpcf7-submit has-spinner\" type=\"submit\" value=\"Enviar\" \/>\n<\/p><div class=\"wpcf7-response-output\" aria-hidden=\"true\"><\/div>\n<\/form>\n<\/div>\n[\/vc_column_text][\/vc_column_inner][\/vc_row_inner][\/vc_column][\/vc_row]<\/p>\n<\/section>","protected":false},"excerpt":{"rendered":"<p>[vc_row row_height_percent=\u00bb85&#8243; override_padding=\u00bbyes\u00bb h_padding=\u00bb2&#8243; top_padding=\u00bb3&#8243; bottom_padding=\u00bb3&#8243; back_color=\u00bbcolor-nhtu\u00bb back_image=\u00bb130679&#8243; back_position=\u00bbcenter bottom\u00bb parallax=\u00bbyes\u00bb overlay_color=\u00bbcolor-jevc\u00bb overlay_alpha=\u00bb25&#8243; gutter_size=\u00bb3&#8243; column_width_percent=\u00bb100&#8243; shift_y=\u00bb0&#8243; z_index=\u00bb0&#8243; enable_bottom_divider=\u00bbdefault\u00bb shape_bottom_invert=\u00bbyes\u00bb shape_bottom_h_use_pixel=\u00bb\u00bb [&hellip;]<\/p>\n","protected":false},"author":1,"featured_media":131356,"parent":0,"menu_order":0,"comment_status":"closed","ping_status":"closed","template":"","meta":{"footnotes":""},"class_list":["post-131343","page","type-page","status-publish","has-post-thumbnail","hentry"],"_links":{"self":[{"href":"https:\/\/avocats.cl\/index.php\/wp-json\/wp\/v2\/pages\/131343","targetHints":{"allow":["GET"]}}],"collection":[{"href":"https:\/\/avocats.cl\/index.php\/wp-json\/wp\/v2\/pages"}],"about":[{"href":"https:\/\/avocats.cl\/index.php\/wp-json\/wp\/v2\/types\/page"}],"author":[{"embeddable":true,"href":"https:\/\/avocats.cl\/index.php\/wp-json\/wp\/v2\/users\/1"}],"replies":[{"embeddable":true,"href":"https:\/\/avocats.cl\/index.php\/wp-json\/wp\/v2\/comments?post=131343"}],"version-history":[{"count":12,"href":"https:\/\/avocats.cl\/index.php\/wp-json\/wp\/v2\/pages\/131343\/revisions"}],"predecessor-version":[{"id":131595,"href":"https:\/\/avocats.cl\/index.php\/wp-json\/wp\/v2\/pages\/131343\/revisions\/131595"}],"wp:featuredmedia":[{"embeddable":true,"href":"https:\/\/avocats.cl\/index.php\/wp-json\/wp\/v2\/media\/131356"}],"wp:attachment":[{"href":"https:\/\/avocats.cl\/index.php\/wp-json\/wp\/v2\/media?parent=131343"}],"curies":[{"name":"wp","href":"https:\/\/api.w.org\/{rel}","templated":true}]}}