{"id":131088,"date":"2024-03-12T18:54:02","date_gmt":"2024-03-12T18:54:02","guid":{"rendered":"https:\/\/avocats.cl\/?page_id=131088"},"modified":"2024-03-15T02:47:47","modified_gmt":"2024-03-15T02:47:47","slug":"alimentos","status":"publish","type":"page","link":"https:\/\/avocats.cl\/index.php\/alimentos\/","title":{"rendered":"Alimentos"},"content":{"rendered":"<section class=\"wpb-content-wrapper\"><p>[vc_row row_height_percent=\u00bb85&#8243; override_padding=\u00bbyes\u00bb h_padding=\u00bb2&#8243; top_padding=\u00bb3&#8243; bottom_padding=\u00bb3&#8243; back_color=\u00bbcolor-nhtu\u00bb back_image=\u00bb130628&#8243; back_position=\u00bbcenter bottom\u00bb parallax=\u00bbyes\u00bb overlay_color=\u00bbcolor-jevc\u00bb overlay_alpha=\u00bb25&#8243; gutter_size=\u00bb3&#8243; column_width_percent=\u00bb100&#8243; shift_y=\u00bb0&#8243; z_index=\u00bb0&#8243; enable_bottom_divider=\u00bbdefault\u00bb shape_bottom_invert=\u00bbyes\u00bb shape_bottom_h_use_pixel=\u00bb\u00bb shape_bottom_height=\u00bb120&#8243; shape_bottom_opacity=\u00bb100&#8243; shape_bottom_index=\u00bb0&#8243; front_end_with_slider=\u00bbtrue\u00bb uncode_shortcode_id=\u00bb152793&#8243; back_color_type=\u00bbuncode-palette\u00bb overlay_color_type=\u00bbuncode-palette\u00bb shape_dividers=\u00bb\u00bb][vc_column column_width_percent=\u00bb100&#8243; gutter_size=\u00bb3&#8243; style=\u00bbdark\u00bb overlay_alpha=\u00bb50&#8243; shift_x=\u00bb0&#8243; shift_y=\u00bb0&#8243; medium_width=\u00bb0&#8243; zoom_width=\u00bb0&#8243; zoom_height=\u00bb0&#8243; width=\u00bb1\/1&#8243;][uncode_slider slider_interval=\u00bb3000&#8243; slider_navspeed=\u00bb400&#8243; slider_loop=\u00bbyes\u00bb slider_hide_arrows=\u00bbyes\u00bb][vc_row_inner row_inner_height_percent=\u00bb0&#8243; overlay_alpha=\u00bb0&#8243; gutter_size=\u00bb3&#8243; shift_y=\u00bb0&#8243; limit_content=\u00bbyes\u00bb front_end_with_slider=\u00bbtrue\u00bb][vc_column_inner column_width_percent=\u00bb100&#8243; position_vertical=\u00bbmiddle\u00bb align_horizontal=\u00bbalign_center\u00bb gutter_size=\u00bb2&#8243; style=\u00bbdark\u00bb overlay_alpha=\u00bb50&#8243; shift_x=\u00bb0&#8243; shift_y=\u00bb0&#8243; shift_y_down=\u00bb0&#8243; z_index=\u00bb0&#8243; medium_width=\u00bb0&#8243; mobile_width=\u00bb0&#8243; css_animation=\u00bbbottom-t-top\u00bb animation_delay=\u00bb200&#8243; zoom_width=\u00bb0&#8243; zoom_height=\u00bb0&#8243; width=\u00bb1\/1&#8243;][vc_custom_heading heading_semantic=\u00bbh1&#8243; text_size=\u00bbfontsize-445851&#8243; uncode_shortcode_id=\u00bb125626&#8243;]FAMILIA[\/vc_custom_heading][vc_custom_heading heading_semantic=\u00bbh1&#8243; text_size=\u00bbh1&#8243; text_weight=\u00bb400&#8243; uncode_shortcode_id=\u00bb840632&#8243;]Divorcios &#8211; Alimentos &#8211; Nueva Ley de Pensiones[\/vc_custom_heading][vc_empty_space empty_h=\u00bb2&#8243;][vc_button size=\u00bbbtn-lg\u00bb shadow=\u00bbyes\u00bb border_width=\u00bb0&#8243; width=\u00bb200&#8243; link=\u00bburl:%23contacto\u00bb uncode_shortcode_id=\u00bb190744&#8243;]Cont\u00e1ctanos[\/vc_button][\/vc_column_inner][\/vc_row_inner][vc_row_inner row_inner_height_percent=\u00bb0&#8243; overlay_alpha=\u00bb0&#8243; gutter_size=\u00bb3&#8243; shift_y=\u00bb0&#8243; limit_content=\u00bbyes\u00bb front_end_with_slider=\u00bbtrue\u00bb][vc_column_inner column_width_percent=\u00bb100&#8243; position_vertical=\u00bbmiddle\u00bb align_horizontal=\u00bbalign_center\u00bb gutter_size=\u00bb2&#8243; style=\u00bbdark\u00bb overlay_alpha=\u00bb50&#8243; shift_x=\u00bb0&#8243; shift_y=\u00bb0&#8243; shift_y_down=\u00bb0&#8243; z_index=\u00bb0&#8243; medium_width=\u00bb0&#8243; mobile_width=\u00bb0&#8243; css_animation=\u00bbbottom-t-top\u00bb animation_delay=\u00bb200&#8243; zoom_width=\u00bb0&#8243; zoom_height=\u00bb0&#8243; width=\u00bb1\/1&#8243;][vc_custom_heading heading_semantic=\u00bbh1&#8243; text_size=\u00bbfontsize-445851&#8243; uncode_shortcode_id=\u00bb209543&#8243;]DERECHO DE FAMILIA[\/vc_custom_heading][vc_custom_heading heading_semantic=\u00bbh1&#8243; text_size=\u00bbh1&#8243; text_weight=\u00bb400&#8243; uncode_shortcode_id=\u00bb161439&#8243;]Nuestro Estudio Jur\u00eddico presta asesor\u00eda profesional[\/vc_custom_heading][vc_empty_space empty_h=\u00bb2&#8243;][vc_button size=\u00bbbtn-lg\u00bb shadow=\u00bbyes\u00bb border_width=\u00bb0&#8243; width=\u00bb200&#8243; link=\u00bburl:%23contacto\u00bb uncode_shortcode_id=\u00bb470725&#8243;]Cont\u00e1ctanos[\/vc_button][\/vc_column_inner][\/vc_row_inner][vc_row_inner row_inner_height_percent=\u00bb0&#8243; overlay_alpha=\u00bb0&#8243; gutter_size=\u00bb3&#8243; shift_y=\u00bb0&#8243; limit_content=\u00bbyes\u00bb front_end_with_slider=\u00bbtrue\u00bb][vc_column_inner column_width_percent=\u00bb100&#8243; position_vertical=\u00bbmiddle\u00bb align_horizontal=\u00bbalign_center\u00bb gutter_size=\u00bb2&#8243; style=\u00bbdark\u00bb overlay_alpha=\u00bb50&#8243; shift_x=\u00bb0&#8243; shift_y=\u00bb0&#8243; shift_y_down=\u00bb0&#8243; z_index=\u00bb0&#8243; medium_width=\u00bb0&#8243; mobile_width=\u00bb0&#8243; css_animation=\u00bbbottom-t-top\u00bb animation_delay=\u00bb200&#8243; zoom_width=\u00bb0&#8243; zoom_height=\u00bb0&#8243; width=\u00bb1\/1&#8243;][vc_custom_heading heading_semantic=\u00bbh1&#8243; text_size=\u00bbfontsize-445851&#8243; uncode_shortcode_id=\u00bb409019&#8243;]DERECHO LABORAL[\/vc_custom_heading][vc_custom_heading heading_semantic=\u00bbh1&#8243; text_size=\u00bbh1&#8243; text_weight=\u00bb400&#8243; uncode_shortcode_id=\u00bb910857&#8243;]proteger sus derechos y asegurar un trato justo en su lugar de trabajo.[\/vc_custom_heading][vc_empty_space empty_h=\u00bb2&#8243;][vc_button size=\u00bbbtn-lg\u00bb shadow=\u00bbyes\u00bb border_width=\u00bb0&#8243; width=\u00bb200&#8243; link=\u00bburl:%23contacto\u00bb uncode_shortcode_id=\u00bb121906&#8243;]Cont\u00e1ctanos[\/vc_button][\/vc_column_inner][\/vc_row_inner][\/uncode_slider][\/vc_column][\/vc_row][vc_row row_height_percent=\u00bb0&#8243; override_padding=\u00bbyes\u00bb h_padding=\u00bb2&#8243; top_padding=\u00bb4&#8243; bottom_padding=\u00bb7&#8243; overlay_alpha=\u00bb50&#8243; gutter_size=\u00bb3&#8243; column_width_percent=\u00bb100&#8243; shift_y=\u00bb0&#8243; z_index=\u00bb0&#8243; row_name=\u00bbstart\u00bb][vc_column column_width_use_pixel=\u00bbyes\u00bb align_horizontal=\u00bbalign_center\u00bb gutter_size=\u00bb3&#8243; overlay_alpha=\u00bb50&#8243; shift_x=\u00bb0&#8243; shift_y=\u00bb0&#8243; shift_y_down=\u00bb0&#8243; z_index=\u00bb0&#8243; medium_width=\u00bb0&#8243; mobile_width=\u00bb0&#8243; width=\u00bb1\/1&#8243; column_width_pixel=\u00bb900&#8243;][vc_custom_heading text_size=\u00bbfontsize-155944&#8243; uncode_shortcode_id=\u00bb340887&#8243;]Cobro de Alimentos[\/vc_custom_heading][vc_custom_heading text_color=\u00bbcolor-wvjs\u00bb heading_semantic=\u00bbh3&#8243; text_size=\u00bbh3&#8243; text_weight=\u00bb400&#8243; uncode_shortcode_id=\u00bb141110&#8243; text_color_type=\u00bbuncode-palette\u00bb]Ley 21484 Pensiones de alimentos[\/vc_custom_heading][vc_row_inner limit_content=\u00bb\u00bb][vc_column_inner width=\u00bb1\/1&#8243;][vc_column_text uncode_shortcode_id=\u00bb784189&#8243;]<\/p>\n<h3 style=\"text-align: center;\">1- La pensi\u00f3n de alimentos es un derecho<\/h3>\n<p style=\"text-align: center;\">El pago de la pensi\u00f3n de alimentos busca cubrir las necesidades b\u00e1sicas de los hijos. Entre ellas se consideran: educaci\u00f3n, alimentaci\u00f3n, vestuario, salud y vivienda.<\/p>\n<p style=\"text-align: center;\">Tambi\u00e9n, hay que tener en cuenta que ambos padres tienen el deber de mantener a sus hijos. Sin embargo, el progenitor que no vive con el ni\u00f1o, ni\u00f1a o adolescente puede ser obligado por un Tribunal a cumplir con el pago.<\/p>\n<h3 style=\"text-align: center;\">2-No es retroactiva<\/h3>\n<p style=\"text-align: center;\">Es importante aclarar que la obligaci\u00f3n legal o judicial de pagar pensi\u00f3n de alimentos de los hijos s\u00f3lo comienza una vez que es ordenado por un Tribunal competente, ya sea autorizando un acuerdo voluntario entre las partes o al dictar sentencia en la causa por la demanda presentada<\/p>\n<p style=\"text-align: center;\">Esto quiere decir que no es retroactiva. Por ejemplo, si un ni\u00f1o tiene cinco a\u00f1os y a esa edad su representante legal regulariza la pensi\u00f3n de alimentos y se fija un monto se comenzar\u00e1 a pagar desde dicha fecha y no podr\u00e1 cobrarse por los a\u00f1os anteriores en que no recibi\u00f3 este pago.<\/p>\n<h3 style=\"text-align: center;\">3\u2013 El monto fijado debe pagarse obligatoriamente<\/h3>\n<p style=\"text-align: center;\">Si la pensi\u00f3n de alimentos fue fijada judicialmente, ya sea en un acuerdo de Mediaci\u00f3n o en Tribunales de Familia, el monto estipulado debe respetarse y pagarse en forma \u00edntegra. No podr\u00e1 modificarse arbitrariamente sin previa autorizaci\u00f3n de un Tribunal.<\/p>\n<p style=\"text-align: center;\">En caso de incumplir se generar\u00e1 una deuda y el infractor puede arriesgarse a medidas de apremio que establezca el Tribunal, independiente de lo anterior, dicho monto deber\u00e1 ser pagado, ya que quien represente a su hijo podr\u00e1 solicitar al Tribunal que decrete el pago de los montos pendientes y la liquidaci\u00f3n de la pensi\u00f3n de alimentos.<\/p>\n<h3 style=\"text-align: center;\">4- Existe un m\u00ednimo<\/h3>\n<p style=\"text-align: center;\">Si bien a la hora de fijar la pensi\u00f3n de alimentos se consideran las necesidades de los hijos y la capacidad econ\u00f3mica de los padres, existen ciertos l\u00edmites. El monto no puede superar el 50% de los ingresos totales del alimentante.<\/p>\n<p style=\"text-align: center;\">No podr\u00e1 ser menor a un 40% de un ingreso m\u00ednimo en caso de tener solo un hijo o un 30% para cada uno si tiene m\u00e1s de un hijo, salvo que existan razones fundadas para fijar un monto inferior.<\/p>\n<h3 style=\"text-align: center;\">5- Los cambios deben ser autorizados<\/h3>\n<p style=\"text-align: center;\">Esto quiere decir que, si se enfrentan complicaciones financieras, como la p\u00e9rdida del empleo y est\u00e1 pensando en pedir una rebaja, porque no le es posible cumplir con el total del pago, deber\u00e1 informarlo al Tribunal y s\u00f3lo podr\u00e1 justificarse si se logra comprobar que existe un cambio de circunstancias. Lo mismo sucede en caso de que se quiera solicitar un aumento en el monto de esta obligaci\u00f3n.<\/p>\n<p style=\"text-align: center;\">Antes de tomar esta decisi\u00f3n es importante buscar la forma de poder cumplir, proponer alternativas y no olvidarse de que aunque se enfrenten complicaciones financieras el dinero de la pensi\u00f3n de alimentos est\u00e1 destinado a los hijos: ellos requieren mantenci\u00f3n para su bienestar.<\/p>\n<p>[\/vc_column_text][\/vc_column_inner][\/vc_row_inner][vc_custom_heading text_size=\u00bbfontsize-155944&#8243; uncode_shortcode_id=\u00bb101023&#8243;]Otras \u00e1reas de Familia[\/vc_custom_heading][vc_custom_heading text_color=\u00bbcolor-wvjs\u00bb heading_semantic=\u00bbh3&#8243; text_size=\u00bbh3&#8243; text_weight=\u00bb400&#8243; uncode_shortcode_id=\u00bb251220&#8243; text_color_type=\u00bbuncode-palette\u00bb]Obt\u00e9n asesor\u00eda con abogados expertos en las diferentes \u00e1reas[\/vc_custom_heading][uncode_index el_id=\u00bbindex-116548&#8243; index_type=\u00bbcarousel\u00bb loop=\u00bbsize:10|order_by:date|post_type:page|by_id:131092,131090,131086|taxonomy_count:10&#8243; carousel_lg=\u00bb2&#8243; carousel_md=\u00bb2&#8243; carousel_sm=\u00bb1&#8243; thumb_size=\u00bbthree-two\u00bb gutter_size=\u00bb3&#8243; page_items=\u00bbmedia|featured|onpost|original,title,text|excerpt\u00bb carousel_interval=\u00bb3000&#8243; carousel_navspeed=\u00bb400&#8243; stage_padding=\u00bb0&#8243; single_overlay_opacity=\u00bb50&#8243; single_overlay_visible=\u00bbyes\u00bb single_text_visible=\u00bbyes\u00bb single_text_anim=\u00bbno\u00bb single_image_anim=\u00bbno\u00bb single_h_align=\u00bbcenter\u00bb single_h_align_mobile=\u00bbcenter\u00bb single_padding=\u00bb2&#8243; single_text_reduced=\u00bbyes\u00bb single_thumb_hover=\u00bbyes\u00bb uncode_shortcode_id=\u00bb204871&#8243;][\/vc_column][\/vc_row][vc_row row_height_percent=\u00bb0&#8243; override_padding=\u00bbyes\u00bb h_padding=\u00bb2&#8243; top_padding=\u00bb5&#8243; bottom_padding=\u00bb5&#8243; overlay_alpha=\u00bb50&#8243; gutter_size=\u00bb100&#8243; column_width_percent=\u00bb100&#8243; shift_y=\u00bb0&#8243; z_index=\u00bb0&#8243; bottom_divider=\u00bbhills\u00bb style=\u00bbinherited\u00bb uncode_shortcode_id=\u00bb193437&#8243; back_color_type=\u00bbuncode-solid\u00bb back_color_solid=\u00bb#f15b29&#8243; row_name=\u00bb#contacto\u00bb][vc_column column_width_use_pixel=\u00bbyes\u00bb position_vertical=\u00bbmiddle\u00bb align_horizontal=\u00bbalign_center\u00bb gutter_size=\u00bb2&#8243; style=\u00bbdark\u00bb overlay_alpha=\u00bb100&#8243; shift_x=\u00bb0&#8243; shift_y=\u00bb0&#8243; shift_y_down=\u00bb0&#8243; z_index=\u00bb0&#8243; medium_width=\u00bb0&#8243; mobile_width=\u00bb0&#8243; zoom_width=\u00bb0&#8243; zoom_height=\u00bb0&#8243; width=\u00bb1\/1&#8243; column_width_pixel=\u00bb900&#8243;][vc_custom_heading text_size=\u00bbfontsize-160000&#8243; text_transform=\u00bbuppercase\u00bb text_space=\u00bbfontspace-210350&#8243; uncode_shortcode_id=\u00bb118625&#8243;]Servicios legales a tu alcance[\/vc_custom_heading][vc_custom_heading heading_semantic=\u00bbh1&#8243; text_size=\u00bbfontsize-155944&#8243; text_weight=\u00bb100&#8243; text_space=\u00bbfontspace-781688&#8243; sub_lead=\u00bbyes\u00bb uncode_shortcode_id=\u00bb870016&#8243;]\u00bfNecesitas asesor\u00eda legal cont\u00e1ctanos ?[\/vc_custom_heading][vc_empty_space empty_h=\u00bb2&#8243;][vc_row_inner limit_content=\u00bb\u00bb][vc_column_inner column_width_use_pixel=\u00bbyes\u00bb align_horizontal=\u00bbalign_center\u00bb gutter_size=\u00bb3&#8243; overlay_alpha=\u00bb50&#8243; shift_x=\u00bb0&#8243; shift_y=\u00bb0&#8243; shift_y_down=\u00bb0&#8243; z_index=\u00bb0&#8243; medium_width=\u00bb0&#8243; mobile_width=\u00bb0&#8243; width=\u00bb1\/1&#8243; column_width_pixel=\u00bb500&#8243; uncode_shortcode_id=\u00bb506190&#8243;][vc_column_text uncode_shortcode_id=\u00bb166315&#8243;]\n<div class=\"wpcf7 no-js\" id=\"wpcf7-f130681-o1\" lang=\"es-ES\" dir=\"ltr\">\n<div class=\"screen-reader-response\"><p role=\"status\" aria-live=\"polite\" aria-atomic=\"true\"><\/p> <ul><\/ul><\/div>\n<form action=\"\/index.php\/wp-json\/wp\/v2\/pages\/131088#wpcf7-f130681-o1\" method=\"post\" class=\"wpcf7-form init\" aria-label=\"Formulario de contacto\" novalidate=\"novalidate\" data-status=\"init\">\n<div style=\"display: none;\">\n<input type=\"hidden\" name=\"_wpcf7\" value=\"130681\" \/>\n<input type=\"hidden\" name=\"_wpcf7_version\" value=\"5.8.7\" \/>\n<input type=\"hidden\" name=\"_wpcf7_locale\" value=\"es_ES\" \/>\n<input type=\"hidden\" name=\"_wpcf7_unit_tag\" value=\"wpcf7-f130681-o1\" \/>\n<input type=\"hidden\" name=\"_wpcf7_container_post\" value=\"0\" \/>\n<input type=\"hidden\" name=\"_wpcf7_posted_data_hash\" value=\"\" \/>\n<\/div>\n<p><label> Tu nombre<br \/>\n<span class=\"wpcf7-form-control-wrap\" data-name=\"your-name\"><input size=\"40\" class=\"wpcf7-form-control wpcf7-text wpcf7-validates-as-required\" autocomplete=\"name\" aria-required=\"true\" aria-invalid=\"false\" value=\"\" type=\"text\" name=\"your-name\" \/><\/span> <\/label>\n<\/p>\n<p><label> Tu correo electr\u00f3nico<br \/>\n<span class=\"wpcf7-form-control-wrap\" data-name=\"your-email\"><input size=\"40\" class=\"wpcf7-form-control wpcf7-email wpcf7-validates-as-required wpcf7-text wpcf7-validates-as-email\" autocomplete=\"email\" aria-required=\"true\" aria-invalid=\"false\" value=\"\" type=\"email\" name=\"your-email\" \/><\/span> <\/label>\n<\/p>\n<p><label> Asunto<br \/>\n<span class=\"wpcf7-form-control-wrap\" data-name=\"your-subject\"><input size=\"40\" class=\"wpcf7-form-control wpcf7-text wpcf7-validates-as-required\" aria-required=\"true\" aria-invalid=\"false\" value=\"\" type=\"text\" name=\"your-subject\" \/><\/span> <\/label>\n<\/p>\n<p><label> Tu mensaje (opcional)<br \/>\n<span class=\"wpcf7-form-control-wrap\" data-name=\"your-message\"><textarea cols=\"40\" rows=\"10\" class=\"wpcf7-form-control wpcf7-textarea\" aria-invalid=\"false\" name=\"your-message\"><\/textarea><\/span> <\/label>\n<\/p>\n<p><input class=\"wpcf7-form-control wpcf7-submit has-spinner\" type=\"submit\" value=\"Enviar\" \/>\n<\/p><div class=\"wpcf7-response-output\" aria-hidden=\"true\"><\/div>\n<\/form>\n<\/div>\n[\/vc_column_text][\/vc_column_inner][\/vc_row_inner][\/vc_column][\/vc_row]<\/p>\n<\/section>","protected":false},"excerpt":{"rendered":"<p>[vc_row row_height_percent=\u00bb85&#8243; override_padding=\u00bbyes\u00bb h_padding=\u00bb2&#8243; top_padding=\u00bb3&#8243; bottom_padding=\u00bb3&#8243; back_color=\u00bbcolor-nhtu\u00bb back_image=\u00bb130628&#8243; back_position=\u00bbcenter bottom\u00bb parallax=\u00bbyes\u00bb overlay_color=\u00bbcolor-jevc\u00bb overlay_alpha=\u00bb25&#8243; gutter_size=\u00bb3&#8243; column_width_percent=\u00bb100&#8243; shift_y=\u00bb0&#8243; z_index=\u00bb0&#8243; enable_bottom_divider=\u00bbdefault\u00bb shape_bottom_invert=\u00bbyes\u00bb shape_bottom_h_use_pixel=\u00bb\u00bb [&hellip;]<\/p>\n","protected":false},"author":1,"featured_media":131095,"parent":0,"menu_order":0,"comment_status":"closed","ping_status":"closed","template":"","meta":{"footnotes":""},"class_list":["post-131088","page","type-page","status-publish","has-post-thumbnail","hentry"],"_links":{"self":[{"href":"https:\/\/avocats.cl\/index.php\/wp-json\/wp\/v2\/pages\/131088","targetHints":{"allow":["GET"]}}],"collection":[{"href":"https:\/\/avocats.cl\/index.php\/wp-json\/wp\/v2\/pages"}],"about":[{"href":"https:\/\/avocats.cl\/index.php\/wp-json\/wp\/v2\/types\/page"}],"author":[{"embeddable":true,"href":"https:\/\/avocats.cl\/index.php\/wp-json\/wp\/v2\/users\/1"}],"replies":[{"embeddable":true,"href":"https:\/\/avocats.cl\/index.php\/wp-json\/wp\/v2\/comments?post=131088"}],"version-history":[{"count":11,"href":"https:\/\/avocats.cl\/index.php\/wp-json\/wp\/v2\/pages\/131088\/revisions"}],"predecessor-version":[{"id":131329,"href":"https:\/\/avocats.cl\/index.php\/wp-json\/wp\/v2\/pages\/131088\/revisions\/131329"}],"wp:featuredmedia":[{"embeddable":true,"href":"https:\/\/avocats.cl\/index.php\/wp-json\/wp\/v2\/media\/131095"}],"wp:attachment":[{"href":"https:\/\/avocats.cl\/index.php\/wp-json\/wp\/v2\/media?parent=131088"}],"curies":[{"name":"wp","href":"https:\/\/api.w.org\/{rel}","templated":true}]}}