{"id":131086,"date":"2024-03-12T18:53:44","date_gmt":"2024-03-12T18:53:44","guid":{"rendered":"https:\/\/avocats.cl\/?page_id=131086"},"modified":"2024-05-28T20:21:38","modified_gmt":"2024-05-28T20:21:38","slug":"divorcios","status":"publish","type":"page","link":"https:\/\/avocats.cl\/index.php\/divorcios\/","title":{"rendered":"Divorcios"},"content":{"rendered":"<section class=\"wpb-content-wrapper\"><p>[vc_row row_height_percent=\u00bb85&#8243; override_padding=\u00bbyes\u00bb h_padding=\u00bb2&#8243; top_padding=\u00bb3&#8243; bottom_padding=\u00bb3&#8243; back_color=\u00bbcolor-nhtu\u00bb back_image=\u00bb131097&#8243; back_position=\u00bbcenter bottom\u00bb parallax=\u00bbyes\u00bb overlay_color=\u00bbcolor-jevc\u00bb overlay_alpha=\u00bb25&#8243; gutter_size=\u00bb3&#8243; column_width_percent=\u00bb100&#8243; shift_y=\u00bb0&#8243; z_index=\u00bb0&#8243; enable_bottom_divider=\u00bbdefault\u00bb shape_bottom_invert=\u00bbyes\u00bb shape_bottom_h_use_pixel=\u00bb\u00bb shape_bottom_height=\u00bb120&#8243; shape_bottom_opacity=\u00bb100&#8243; shape_bottom_index=\u00bb0&#8243; front_end_with_slider=\u00bbtrue\u00bb uncode_shortcode_id=\u00bb150707&#8243; back_color_type=\u00bbuncode-palette\u00bb overlay_color_type=\u00bbuncode-palette\u00bb][vc_column column_width_percent=\u00bb100&#8243; gutter_size=\u00bb3&#8243; style=\u00bbdark\u00bb overlay_alpha=\u00bb50&#8243; shift_x=\u00bb0&#8243; shift_y=\u00bb0&#8243; medium_width=\u00bb0&#8243; zoom_width=\u00bb0&#8243; zoom_height=\u00bb0&#8243; width=\u00bb1\/1&#8243;][uncode_slider slider_interval=\u00bb3000&#8243; slider_navspeed=\u00bb400&#8243; slider_loop=\u00bbyes\u00bb slider_hide_arrows=\u00bbyes\u00bb][vc_row_inner row_inner_height_percent=\u00bb0&#8243; overlay_alpha=\u00bb0&#8243; gutter_size=\u00bb3&#8243; shift_y=\u00bb0&#8243; limit_content=\u00bbyes\u00bb front_end_with_slider=\u00bbtrue\u00bb][vc_column_inner column_width_percent=\u00bb100&#8243; position_vertical=\u00bbmiddle\u00bb align_horizontal=\u00bbalign_center\u00bb gutter_size=\u00bb2&#8243; style=\u00bbdark\u00bb overlay_alpha=\u00bb50&#8243; shift_x=\u00bb0&#8243; shift_y=\u00bb0&#8243; shift_y_down=\u00bb0&#8243; z_index=\u00bb0&#8243; medium_width=\u00bb0&#8243; mobile_width=\u00bb0&#8243; css_animation=\u00bbbottom-t-top\u00bb animation_delay=\u00bb200&#8243; zoom_width=\u00bb0&#8243; zoom_height=\u00bb0&#8243; width=\u00bb1\/1&#8243;][vc_custom_heading heading_semantic=\u00bbh1&#8243; text_size=\u00bbfontsize-445851&#8243; uncode_shortcode_id=\u00bb127764&#8243;]FAMILIA[\/vc_custom_heading][vc_custom_heading heading_semantic=\u00bbh1&#8243; text_size=\u00bbh1&#8243; text_weight=\u00bb400&#8243; uncode_shortcode_id=\u00bb812964&#8243;]Divorcios &#8211; Alimentos &#8211; Nueva Ley de Pensiones[\/vc_custom_heading][vc_empty_space empty_h=\u00bb2&#8243;][vc_button size=\u00bbbtn-lg\u00bb shadow=\u00bbyes\u00bb border_width=\u00bb0&#8243; width=\u00bb200&#8243; link=\u00bburl:%23contacto\u00bb uncode_shortcode_id=\u00bb190744&#8243;]Cont\u00e1ctanos[\/vc_button][\/vc_column_inner][\/vc_row_inner][\/uncode_slider][\/vc_column][\/vc_row][vc_row row_height_percent=\u00bb0&#8243; override_padding=\u00bbyes\u00bb h_padding=\u00bb2&#8243; top_padding=\u00bb4&#8243; bottom_padding=\u00bb7&#8243; overlay_alpha=\u00bb50&#8243; gutter_size=\u00bb3&#8243; column_width_percent=\u00bb100&#8243; shift_y=\u00bb0&#8243; z_index=\u00bb0&#8243; row_name=\u00bbstart\u00bb][vc_column column_width_use_pixel=\u00bbyes\u00bb align_horizontal=\u00bbalign_center\u00bb gutter_size=\u00bb3&#8243; overlay_alpha=\u00bb50&#8243; shift_x=\u00bb0&#8243; shift_y=\u00bb0&#8243; shift_y_down=\u00bb0&#8243; z_index=\u00bb0&#8243; medium_width=\u00bb0&#8243; mobile_width=\u00bb0&#8243; width=\u00bb1\/1&#8243; column_width_pixel=\u00bb900&#8243;][vc_custom_heading text_size=\u00bbfontsize-155944&#8243; uncode_shortcode_id=\u00bb943221&#8243;]Divorcios[\/vc_custom_heading][vc_custom_heading text_color=\u00bbcolor-wvjs\u00bb heading_semantic=\u00bbh3&#8243; text_size=\u00bbh3&#8243; text_weight=\u00bb400&#8243; uncode_shortcode_id=\u00bb828077&#8243; text_color_type=\u00bbuncode-palette\u00bb]Ley 19947 de Divorcio[\/vc_custom_heading][vc_custom_heading text_color=\u00bbcolor-wvjs\u00bb heading_semantic=\u00bbh3&#8243; text_size=\u00bbh3&#8243; text_weight=\u00bb400&#8243; uncode_shortcode_id=\u00bb786075&#8243; text_color_type=\u00bbuncode-palette\u00bb]Se abre una nueva etapa en el desarrollo del Derecho de Familia en Chile, tanto en lo sustantivo, como en lo adjetivo o de procedimiento, lo que ha llevado a nuestros asociados a conocer en profundidad el tema, as\u00ed como su sustento \u00e9tico y sociol\u00f3gico. Nuestra organizaci\u00f3n atenta a la nueva realidad quiere entregar su aporte de alto nivel de responsabilidad y \u00e9tica profesional. En relaci\u00f3n a las materias tradicionales de nuestra pr\u00e1ctica legal, mantenemos nuestro inter\u00e9s en orientarlo en la defensa de sus bienes y en la forma de defender sus derechos.[\/vc_custom_heading][vc_row_inner limit_content=\u00bb\u00bb][vc_column_inner width=\u00bb1\/1&#8243;][vc_column_text uncode_shortcode_id=\u00bb127847&#8243;]<\/p>\n<div class=\"vc_custom_heading_wrap \">\n<h3 class=\"heading-text el-text\" style=\"text-align: center;\"><strong>Divorcio \u2013 Mutuo Acuerdo<\/strong><\/h3>\n<p class=\"heading-text el-text\" style=\"text-align: center;\">1. Hecho a probar: Un a\u00f1o de cese de convivencia.<\/p>\n<\/div>\n<div class=\"vc_row row-internal row-container\">\n<div class=\"row row-child\">\n<div class=\"wpb_row row-inner\">\n<div class=\"wpb_column pos-top pos-center align_left column_child col-lg-12 single-internal-gutter\">\n<div class=\"uncol style-light\">\n<div class=\"uncoltable\">\n<div class=\"uncell no-block-padding\">\n<div class=\"uncont\">\n<div class=\"uncode_text_column\">\n<p style=\"text-align: center;\">2. Plazo de tramitaci\u00f3n: 40 d\u00edas aproximadamente.<\/p>\n<p style=\"text-align: center;\">Antecedentes:<\/p>\n<p style=\"text-align: center;\">a) Certificado de Matrimonio.<br \/>\nb) Certificado de nacimiento de hijos comunes.<br \/>\nc) Fijar pensi\u00f3n de alimentos hijos menores.<br \/>\nd) determinar visitas hijos comunes.<\/p>\n<p style=\"text-align: center;\">\n<p style=\"text-align: center;\">Los matrimonio celebrados desde el mes de noviembre del a\u00f1o 2004, necesitan la declaraci\u00f3n de cese de convivencia ante el Servicio de registro Civil o la aprobaci\u00f3n por un Tribunal de familia del acuerdo de mediaci\u00f3n familiar sobre pensi\u00f3n de alimentos o r\u00e9gimen comunicacional o bien transacci\u00f3n por escritura p\u00fablica.<\/p>\n<h3 style=\"text-align: center;\"><strong>Divorcio \u2013 Unilateral<\/strong><\/h3>\n<p style=\"text-align: center;\">Ejemplo de Demanda de divorcio unilateral:<\/p>\n<p style=\"text-align: center;\">1-. Hecho a probar: 3 a\u00f1os de cese de convivencia.<br \/>\n2. Plazo de tramitaci\u00f3n: 40 d\u00edas aproximadamente.<\/p>\n<p style=\"text-align: center;\">Antecedentes:<br \/>\na) Certificado de Matrimonio.<\/p>\n<p style=\"text-align: center;\">\n<p style=\"text-align: center;\">Los matrimonio celebrados desde el mes de noviembre del a\u00f1o 2004, necesitan la declaraci\u00f3n de cese de convivencia ante el Servicio de registro Civil o la aprobaci\u00f3n por un Tribunal de familia del acuerdo de mediaci\u00f3n familiar sobre pensi\u00f3n de alimentos o r\u00e9gimen comunicacional o bien transacci\u00f3n por escritura p\u00fablica.<\/p>\n<h3 style=\"text-align: center;\"><strong>Divorcio \u2013 Por Culpa<\/strong><\/h3>\n<p style=\"text-align: center;\">1-. Hecho a probar: Incumplimiento por uno de los c\u00f3nyuges de los deberes del matrimonio.<br \/>\n2. Plazo de tramitaci\u00f3n en Tribunales: 60 d\u00edas.<\/p>\n<p style=\"text-align: center;\">Antecedentes:<br \/>\na) Certificado de Matrimonio.<br \/>\nb) Breve relaci\u00f3n de los hechos.<\/p>\n<p style=\"text-align: center;\"><\/div>\n<\/div>\n<\/div>\n<\/div>\n<\/div>\n<\/div>\n<\/div>\n<\/div>\n<\/div>\n<p>[\/vc_column_text][\/vc_column_inner][\/vc_row_inner][vc_custom_heading text_size=\u00bbfontsize-155944&#8243; uncode_shortcode_id=\u00bb101023&#8243;]Otras \u00e1reas de Familia[\/vc_custom_heading][vc_custom_heading text_color=\u00bbcolor-wvjs\u00bb heading_semantic=\u00bbh3&#8243; text_size=\u00bbh3&#8243; text_weight=\u00bb400&#8243; uncode_shortcode_id=\u00bb251220&#8243; text_color_type=\u00bbuncode-palette\u00bb]Obt\u00e9n asesor\u00eda con abogados expertos en las diferentes \u00e1reas[\/vc_custom_heading][uncode_index el_id=\u00bbindex-116548&#8243; index_type=\u00bbcarousel\u00bb loop=\u00bbsize:10|order_by:date|post_type:page|by_id:131092,131088|taxonomy_count:10&#8243; carousel_lg=\u00bb2&#8243; carousel_md=\u00bb2&#8243; carousel_sm=\u00bb1&#8243; thumb_size=\u00bbthree-two\u00bb gutter_size=\u00bb3&#8243; page_items=\u00bbmedia|featured|onpost|original,title,text|excerpt\u00bb carousel_interval=\u00bb3000&#8243; carousel_navspeed=\u00bb400&#8243; stage_padding=\u00bb0&#8243; single_overlay_opacity=\u00bb50&#8243; single_overlay_visible=\u00bbyes\u00bb single_text_visible=\u00bbyes\u00bb single_text_anim=\u00bbno\u00bb single_image_anim=\u00bbno\u00bb single_h_align=\u00bbcenter\u00bb single_h_align_mobile=\u00bbcenter\u00bb single_padding=\u00bb2&#8243; single_text_reduced=\u00bbyes\u00bb single_thumb_hover=\u00bbyes\u00bb uncode_shortcode_id=\u00bb196132&#8243;][vc_custom_heading heading_semantic=\u00bbh3&#8243; text_size=\u00bbh3&#8243; uncode_shortcode_id=\u00bb108578&#8243;]<a href=\"https:\/\/avocats.cl\/\">Inicio<\/a>[\/vc_custom_heading][\/vc_column][\/vc_row][vc_row row_height_percent=\u00bb0&#8243; override_padding=\u00bbyes\u00bb h_padding=\u00bb2&#8243; top_padding=\u00bb5&#8243; bottom_padding=\u00bb5&#8243; overlay_alpha=\u00bb50&#8243; gutter_size=\u00bb100&#8243; column_width_percent=\u00bb100&#8243; shift_y=\u00bb0&#8243; z_index=\u00bb0&#8243; bottom_divider=\u00bbhills\u00bb style=\u00bbinherited\u00bb uncode_shortcode_id=\u00bb193437&#8243; back_color_type=\u00bbuncode-solid\u00bb back_color_solid=\u00bb#f15b29&#8243; row_name=\u00bb#contacto\u00bb][vc_column column_width_use_pixel=\u00bbyes\u00bb position_vertical=\u00bbmiddle\u00bb align_horizontal=\u00bbalign_center\u00bb gutter_size=\u00bb2&#8243; style=\u00bbdark\u00bb overlay_alpha=\u00bb100&#8243; shift_x=\u00bb0&#8243; shift_y=\u00bb0&#8243; shift_y_down=\u00bb0&#8243; z_index=\u00bb0&#8243; medium_width=\u00bb0&#8243; mobile_width=\u00bb0&#8243; zoom_width=\u00bb0&#8243; zoom_height=\u00bb0&#8243; width=\u00bb1\/1&#8243; column_width_pixel=\u00bb900&#8243;][vc_custom_heading text_size=\u00bbfontsize-160000&#8243; text_transform=\u00bbuppercase\u00bb text_space=\u00bbfontspace-210350&#8243; uncode_shortcode_id=\u00bb118625&#8243;]Servicios legales a tu alcance[\/vc_custom_heading][vc_custom_heading heading_semantic=\u00bbh1&#8243; text_size=\u00bbfontsize-155944&#8243; text_weight=\u00bb100&#8243; text_space=\u00bbfontspace-781688&#8243; sub_lead=\u00bbyes\u00bb uncode_shortcode_id=\u00bb870016&#8243;]\u00bfNecesitas asesor\u00eda legal cont\u00e1ctanos ?[\/vc_custom_heading][vc_empty_space empty_h=\u00bb2&#8243;][vc_row_inner limit_content=\u00bb\u00bb][vc_column_inner column_width_use_pixel=\u00bbyes\u00bb align_horizontal=\u00bbalign_center\u00bb gutter_size=\u00bb3&#8243; overlay_alpha=\u00bb50&#8243; shift_x=\u00bb0&#8243; shift_y=\u00bb0&#8243; shift_y_down=\u00bb0&#8243; z_index=\u00bb0&#8243; medium_width=\u00bb0&#8243; mobile_width=\u00bb0&#8243; width=\u00bb1\/1&#8243; column_width_pixel=\u00bb500&#8243; uncode_shortcode_id=\u00bb506190&#8243;][vc_column_text uncode_shortcode_id=\u00bb166315&#8243;]\n<div class=\"wpcf7 no-js\" id=\"wpcf7-f130681-o1\" lang=\"es-ES\" dir=\"ltr\">\n<div class=\"screen-reader-response\"><p role=\"status\" aria-live=\"polite\" aria-atomic=\"true\"><\/p> <ul><\/ul><\/div>\n<form action=\"\/index.php\/wp-json\/wp\/v2\/pages\/131086#wpcf7-f130681-o1\" method=\"post\" class=\"wpcf7-form init\" aria-label=\"Formulario de contacto\" novalidate=\"novalidate\" data-status=\"init\">\n<div style=\"display: none;\">\n<input type=\"hidden\" name=\"_wpcf7\" value=\"130681\" \/>\n<input type=\"hidden\" name=\"_wpcf7_version\" value=\"5.8.7\" \/>\n<input type=\"hidden\" name=\"_wpcf7_locale\" value=\"es_ES\" \/>\n<input type=\"hidden\" name=\"_wpcf7_unit_tag\" value=\"wpcf7-f130681-o1\" \/>\n<input type=\"hidden\" name=\"_wpcf7_container_post\" value=\"0\" \/>\n<input type=\"hidden\" name=\"_wpcf7_posted_data_hash\" value=\"\" \/>\n<\/div>\n<p><label> Tu nombre<br \/>\n<span class=\"wpcf7-form-control-wrap\" data-name=\"your-name\"><input size=\"40\" class=\"wpcf7-form-control wpcf7-text wpcf7-validates-as-required\" autocomplete=\"name\" aria-required=\"true\" aria-invalid=\"false\" value=\"\" type=\"text\" name=\"your-name\" \/><\/span> <\/label>\n<\/p>\n<p><label> Tu correo electr\u00f3nico<br \/>\n<span class=\"wpcf7-form-control-wrap\" data-name=\"your-email\"><input size=\"40\" class=\"wpcf7-form-control wpcf7-email wpcf7-validates-as-required wpcf7-text wpcf7-validates-as-email\" autocomplete=\"email\" aria-required=\"true\" aria-invalid=\"false\" value=\"\" type=\"email\" name=\"your-email\" \/><\/span> <\/label>\n<\/p>\n<p><label> Asunto<br \/>\n<span class=\"wpcf7-form-control-wrap\" data-name=\"your-subject\"><input size=\"40\" class=\"wpcf7-form-control wpcf7-text wpcf7-validates-as-required\" aria-required=\"true\" aria-invalid=\"false\" value=\"\" type=\"text\" name=\"your-subject\" \/><\/span> <\/label>\n<\/p>\n<p><label> Tu mensaje (opcional)<br \/>\n<span class=\"wpcf7-form-control-wrap\" data-name=\"your-message\"><textarea cols=\"40\" rows=\"10\" class=\"wpcf7-form-control wpcf7-textarea\" aria-invalid=\"false\" name=\"your-message\"><\/textarea><\/span> <\/label>\n<\/p>\n<p><input class=\"wpcf7-form-control wpcf7-submit has-spinner\" type=\"submit\" value=\"Enviar\" \/>\n<\/p><div class=\"wpcf7-response-output\" aria-hidden=\"true\"><\/div>\n<\/form>\n<\/div>\n[\/vc_column_text][\/vc_column_inner][\/vc_row_inner][\/vc_column][\/vc_row]<\/p>\n<\/section>","protected":false},"excerpt":{"rendered":"<p>[vc_row row_height_percent=\u00bb85&#8243; override_padding=\u00bbyes\u00bb h_padding=\u00bb2&#8243; top_padding=\u00bb3&#8243; bottom_padding=\u00bb3&#8243; back_color=\u00bbcolor-nhtu\u00bb back_image=\u00bb131097&#8243; back_position=\u00bbcenter bottom\u00bb parallax=\u00bbyes\u00bb overlay_color=\u00bbcolor-jevc\u00bb overlay_alpha=\u00bb25&#8243; gutter_size=\u00bb3&#8243; column_width_percent=\u00bb100&#8243; shift_y=\u00bb0&#8243; z_index=\u00bb0&#8243; enable_bottom_divider=\u00bbdefault\u00bb shape_bottom_invert=\u00bbyes\u00bb shape_bottom_h_use_pixel=\u00bb\u00bb [&hellip;]<\/p>\n","protected":false},"author":1,"featured_media":131097,"parent":0,"menu_order":0,"comment_status":"closed","ping_status":"closed","template":"","meta":{"footnotes":""},"class_list":["post-131086","page","type-page","status-publish","has-post-thumbnail","hentry"],"_links":{"self":[{"href":"https:\/\/avocats.cl\/index.php\/wp-json\/wp\/v2\/pages\/131086","targetHints":{"allow":["GET"]}}],"collection":[{"href":"https:\/\/avocats.cl\/index.php\/wp-json\/wp\/v2\/pages"}],"about":[{"href":"https:\/\/avocats.cl\/index.php\/wp-json\/wp\/v2\/types\/page"}],"author":[{"embeddable":true,"href":"https:\/\/avocats.cl\/index.php\/wp-json\/wp\/v2\/users\/1"}],"replies":[{"embeddable":true,"href":"https:\/\/avocats.cl\/index.php\/wp-json\/wp\/v2\/comments?post=131086"}],"version-history":[{"count":26,"href":"https:\/\/avocats.cl\/index.php\/wp-json\/wp\/v2\/pages\/131086\/revisions"}],"predecessor-version":[{"id":131558,"href":"https:\/\/avocats.cl\/index.php\/wp-json\/wp\/v2\/pages\/131086\/revisions\/131558"}],"wp:featuredmedia":[{"embeddable":true,"href":"https:\/\/avocats.cl\/index.php\/wp-json\/wp\/v2\/media\/131097"}],"wp:attachment":[{"href":"https:\/\/avocats.cl\/index.php\/wp-json\/wp\/v2\/media?parent=131086"}],"curies":[{"name":"wp","href":"https:\/\/api.w.org\/{rel}","templated":true}]}}